{"id":38462,"date":"2025-09-09T13:55:49","date_gmt":"2025-09-09T11:55:49","guid":{"rendered":"https:\/\/agropartner.marketing-store.hu\/?post_type=product&#038;p=38462"},"modified":"2025-09-09T13:55:50","modified_gmt":"2025-09-09T11:55:50","slug":"sipma-ps-1211-farma-plus-balazo","status":"publish","type":"product","link":"https:\/\/agropartner.marketing-store.hu\/ro\/termek\/sipma-ps-1211-farma-plus-balazo\/","title":{"rendered":"Sipma PS 1211 Farma Plus b\u00e1l\u00e1z\u00f3"},"content":{"rendered":"","protected":false},"excerpt":{"rendered":"<p>H\u00e1l\u00f3s k\u00f6t\u00f6z\u00e9s, FIX kamr\u00e1s, 180 cm rendfelszed\u0151, l\u00e1ncos-hengeres t\u00f6m\u00f6r\u00edt\u00e9s, 120&#215;120 cm b\u00e1lam\u00e9ret, monitor, b\u00e1lasz\u00e1m: 5000<\/p>\n","protected":false},"featured_media":38464,"comment_status":"open","ping_status":"closed","template":"","meta":{"_acf_changed":false},"product_brand":[],"product_cat":[73],"product_tag":[],"class_list":{"0":"post-38462","1":"product","2":"type-product","3":"status-publish","4":"has-post-thumbnail","6":"product_cat-balazo","8":"first","9":"instock","10":"shipping-taxable","11":"purchasable","12":"product-type-simple"},"acf":[],"_links":{"self":[{"href":"https:\/\/agropartner.marketing-store.hu\/ro\/wp-json\/wp\/v2\/product\/38462","targetHints":{"allow":["GET"]}}],"collection":[{"href":"https:\/\/agropartner.marketing-store.hu\/ro\/wp-json\/wp\/v2\/product"}],"about":[{"href":"https:\/\/agropartner.marketing-store.hu\/ro\/wp-json\/wp\/v2\/types\/product"}],"replies":[{"embeddable":true,"href":"https:\/\/agropartner.marketing-store.hu\/ro\/wp-json\/wp\/v2\/comments?post=38462"}],"wp:featuredmedia":[{"embeddable":true,"href":"https:\/\/agropartner.marketing-store.hu\/ro\/wp-json\/wp\/v2\/media\/38464"}],"wp:attachment":[{"href":"https:\/\/agropartner.marketing-store.hu\/ro\/wp-json\/wp\/v2\/media?parent=38462"}],"wp:term":[{"taxonomy":"product_brand","embeddable":true,"href":"https:\/\/agropartner.marketing-store.hu\/ro\/wp-json\/wp\/v2\/product_brand?post=38462"},{"taxonomy":"product_cat","embeddable":true,"href":"https:\/\/agropartner.marketing-store.hu\/ro\/wp-json\/wp\/v2\/product_cat?post=38462"},{"taxonomy":"product_tag","embeddable":true,"href":"https:\/\/agropartner.marketing-store.hu\/ro\/wp-json\/wp\/v2\/product_tag?post=38462"}],"curies":[{"name":"wp","href":"https:\/\/api.w.org\/{rel}","templated":true}]}}