{"id":37938,"date":"2025-08-25T09:05:30","date_gmt":"2025-08-25T07:05:30","guid":{"rendered":"https:\/\/agropartner.marketing-store.hu\/?post_type=product&#038;p=37938"},"modified":"2025-08-25T09:05:32","modified_gmt":"2025-08-25T07:05:32","slug":"john-deere-t660-kombajn-2","status":"publish","type":"product","link":"https:\/\/agropartner.marketing-store.hu\/ro\/termek\/john-deere-t660-kombajn-2\/","title":{"rendered":"John Deere T660 komb\u00e1jn"},"content":{"rendered":"","protected":false},"excerpt":{"rendered":"<p>AK\u00c1R l\u00edzingre 10% + \u00c1fa \u00f6ner\u0151vel! 6 l\u00e1d\u00e1s, JD 622R (6,7m) asztal+kocsi, AutoTrac ready, doblass\u00edt\u00f3, hozam+nedvess\u00e9gm\u00e9r\u0151, elektromos rosta<\/p>\n","protected":false},"featured_media":37939,"comment_status":"open","ping_status":"closed","template":"","meta":{"_acf_changed":false},"product_brand":[],"product_cat":[35],"product_tag":[],"class_list":{"0":"post-37938","1":"product","2":"type-product","3":"status-publish","4":"has-post-thumbnail","6":"product_cat-kombajn","8":"first","9":"instock","10":"shipping-taxable","11":"purchasable","12":"product-type-simple"},"acf":[],"_links":{"self":[{"href":"https:\/\/agropartner.marketing-store.hu\/ro\/wp-json\/wp\/v2\/product\/37938","targetHints":{"allow":["GET"]}}],"collection":[{"href":"https:\/\/agropartner.marketing-store.hu\/ro\/wp-json\/wp\/v2\/product"}],"about":[{"href":"https:\/\/agropartner.marketing-store.hu\/ro\/wp-json\/wp\/v2\/types\/product"}],"replies":[{"embeddable":true,"href":"https:\/\/agropartner.marketing-store.hu\/ro\/wp-json\/wp\/v2\/comments?post=37938"}],"wp:featuredmedia":[{"embeddable":true,"href":"https:\/\/agropartner.marketing-store.hu\/ro\/wp-json\/wp\/v2\/media\/37939"}],"wp:attachment":[{"href":"https:\/\/agropartner.marketing-store.hu\/ro\/wp-json\/wp\/v2\/media?parent=37938"}],"wp:term":[{"taxonomy":"product_brand","embeddable":true,"href":"https:\/\/agropartner.marketing-store.hu\/ro\/wp-json\/wp\/v2\/product_brand?post=37938"},{"taxonomy":"product_cat","embeddable":true,"href":"https:\/\/agropartner.marketing-store.hu\/ro\/wp-json\/wp\/v2\/product_cat?post=37938"},{"taxonomy":"product_tag","embeddable":true,"href":"https:\/\/agropartner.marketing-store.hu\/ro\/wp-json\/wp\/v2\/product_tag?post=37938"}],"curies":[{"name":"wp","href":"https:\/\/api.w.org\/{rel}","templated":true}]}}