{"id":37794,"date":"2025-08-21T14:09:28","date_gmt":"2025-08-21T12:09:28","guid":{"rendered":"https:\/\/agropartner.marketing-store.hu\/?post_type=product&#038;p=37794"},"modified":"2025-08-21T14:09:30","modified_gmt":"2025-08-21T12:09:30","slug":"gumihevederek-case-ih-9230-kombajnhoz","status":"publish","type":"product","link":"https:\/\/agropartner.marketing-store.hu\/ro\/termek\/gumihevederek-case-ih-9230-kombajnhoz\/","title":{"rendered":"Gumihevederek Case IH 9230 komb\u00e1jnhoz"},"content":{"rendered":"","protected":false},"excerpt":{"rendered":"<p>\u00daj gumihevederek, Case IH 9230 komb\u00e1jnhoz<\/p>\n","protected":false},"featured_media":37796,"comment_status":"open","ping_status":"closed","template":"","meta":{"_acf_changed":false},"product_brand":[],"product_cat":[30],"product_tag":[],"class_list":{"0":"post-37794","1":"product","2":"type-product","3":"status-publish","4":"has-post-thumbnail","6":"product_cat-kiegeszito","8":"first","9":"instock","10":"shipping-taxable","11":"purchasable","12":"product-type-simple"},"acf":[],"_links":{"self":[{"href":"https:\/\/agropartner.marketing-store.hu\/ro\/wp-json\/wp\/v2\/product\/37794","targetHints":{"allow":["GET"]}}],"collection":[{"href":"https:\/\/agropartner.marketing-store.hu\/ro\/wp-json\/wp\/v2\/product"}],"about":[{"href":"https:\/\/agropartner.marketing-store.hu\/ro\/wp-json\/wp\/v2\/types\/product"}],"replies":[{"embeddable":true,"href":"https:\/\/agropartner.marketing-store.hu\/ro\/wp-json\/wp\/v2\/comments?post=37794"}],"wp:featuredmedia":[{"embeddable":true,"href":"https:\/\/agropartner.marketing-store.hu\/ro\/wp-json\/wp\/v2\/media\/37796"}],"wp:attachment":[{"href":"https:\/\/agropartner.marketing-store.hu\/ro\/wp-json\/wp\/v2\/media?parent=37794"}],"wp:term":[{"taxonomy":"product_brand","embeddable":true,"href":"https:\/\/agropartner.marketing-store.hu\/ro\/wp-json\/wp\/v2\/product_brand?post=37794"},{"taxonomy":"product_cat","embeddable":true,"href":"https:\/\/agropartner.marketing-store.hu\/ro\/wp-json\/wp\/v2\/product_cat?post=37794"},{"taxonomy":"product_tag","embeddable":true,"href":"https:\/\/agropartner.marketing-store.hu\/ro\/wp-json\/wp\/v2\/product_tag?post=37794"}],"curies":[{"name":"wp","href":"https:\/\/api.w.org\/{rel}","templated":true}]}}