{"id":36697,"date":"2025-07-01T11:22:40","date_gmt":"2025-07-01T09:22:40","guid":{"rendered":"https:\/\/agropartner.marketing-store.hu\/?post_type=product&#038;p=36697"},"modified":"2025-07-01T11:22:40","modified_gmt":"2025-07-01T09:22:40","slug":"kuhn-challenger-nsh-eke","status":"publish","type":"product","link":"https:\/\/agropartner.marketing-store.hu\/ro\/termek\/kuhn-challenger-nsh-eke\/","title":{"rendered":"Kuhn Challenger NSH eke"},"content":{"rendered":"","protected":false},"excerpt":{"rendered":"<p>8 fejes v\u00e1ltvaforgat\u00f3 eke, hidraulikus ekesz\u00e1rbiztos\u00edt\u00e1s (NSH), el\u0151h\u00e1nt\u00f3, robosztus v\u00e1z, t\u00e1maszt\u00f3 ker\u00e9k<\/p>\n","protected":false},"featured_media":36698,"comment_status":"open","ping_status":"closed","template":"","meta":{"_acf_changed":false},"product_brand":[],"product_cat":[28],"product_tag":[],"class_list":{"0":"post-36697","1":"product","2":"type-product","3":"status-publish","4":"has-post-thumbnail","6":"product_cat-munkagepek","8":"first","9":"instock","10":"shipping-taxable","11":"purchasable","12":"product-type-simple"},"acf":[],"_links":{"self":[{"href":"https:\/\/agropartner.marketing-store.hu\/ro\/wp-json\/wp\/v2\/product\/36697","targetHints":{"allow":["GET"]}}],"collection":[{"href":"https:\/\/agropartner.marketing-store.hu\/ro\/wp-json\/wp\/v2\/product"}],"about":[{"href":"https:\/\/agropartner.marketing-store.hu\/ro\/wp-json\/wp\/v2\/types\/product"}],"replies":[{"embeddable":true,"href":"https:\/\/agropartner.marketing-store.hu\/ro\/wp-json\/wp\/v2\/comments?post=36697"}],"wp:featuredmedia":[{"embeddable":true,"href":"https:\/\/agropartner.marketing-store.hu\/ro\/wp-json\/wp\/v2\/media\/36698"}],"wp:attachment":[{"href":"https:\/\/agropartner.marketing-store.hu\/ro\/wp-json\/wp\/v2\/media?parent=36697"}],"wp:term":[{"taxonomy":"product_brand","embeddable":true,"href":"https:\/\/agropartner.marketing-store.hu\/ro\/wp-json\/wp\/v2\/product_brand?post=36697"},{"taxonomy":"product_cat","embeddable":true,"href":"https:\/\/agropartner.marketing-store.hu\/ro\/wp-json\/wp\/v2\/product_cat?post=36697"},{"taxonomy":"product_tag","embeddable":true,"href":"https:\/\/agropartner.marketing-store.hu\/ro\/wp-json\/wp\/v2\/product_tag?post=36697"}],"curies":[{"name":"wp","href":"https:\/\/api.w.org\/{rel}","templated":true}]}}