{"id":36349,"date":"2025-07-01T10:53:56","date_gmt":"2025-07-01T08:53:56","guid":{"rendered":"https:\/\/agropartner.marketing-store.hu\/?post_type=product&#038;p=36349"},"modified":"2025-07-01T10:53:56","modified_gmt":"2025-07-01T08:53:56","slug":"hardi-commander-plus-2800-twin-force-vontatott-legzsakos-permetezo","status":"publish","type":"product","link":"https:\/\/agropartner.marketing-store.hu\/ro\/termek\/hardi-commander-plus-2800-twin-force-vontatott-legzsakos-permetezo\/","title":{"rendered":"Hardi Commander Plus 2800 Twin Force vontatott l\u00e9gzs\u00e1kos permetez\u0151"},"content":{"rendered":"","protected":false},"excerpt":{"rendered":"<p>18m leng\u00e9scsillap\u00edtott keret, 2800 lit. tart\u00e1ly, Hardi HC 2500 termin\u00e1l, l\u00e9gf\u00e9k, 4 szakasz, hidr. nyit\u00e1s-z\u00e1r\u00e1s, kard\u00e1n, \u00e1ll\u00edthat\u00f3 felnik<\/p>\n","protected":false},"featured_media":36350,"comment_status":"open","ping_status":"closed","template":"","meta":{"_acf_changed":false},"product_brand":[],"product_cat":[37],"product_tag":[],"class_list":{"0":"post-36349","1":"product","2":"type-product","3":"status-publish","4":"has-post-thumbnail","6":"product_cat-permetezo","8":"first","9":"instock","10":"shipping-taxable","11":"purchasable","12":"product-type-simple"},"acf":[],"_links":{"self":[{"href":"https:\/\/agropartner.marketing-store.hu\/ro\/wp-json\/wp\/v2\/product\/36349","targetHints":{"allow":["GET"]}}],"collection":[{"href":"https:\/\/agropartner.marketing-store.hu\/ro\/wp-json\/wp\/v2\/product"}],"about":[{"href":"https:\/\/agropartner.marketing-store.hu\/ro\/wp-json\/wp\/v2\/types\/product"}],"replies":[{"embeddable":true,"href":"https:\/\/agropartner.marketing-store.hu\/ro\/wp-json\/wp\/v2\/comments?post=36349"}],"wp:featuredmedia":[{"embeddable":true,"href":"https:\/\/agropartner.marketing-store.hu\/ro\/wp-json\/wp\/v2\/media\/36350"}],"wp:attachment":[{"href":"https:\/\/agropartner.marketing-store.hu\/ro\/wp-json\/wp\/v2\/media?parent=36349"}],"wp:term":[{"taxonomy":"product_brand","embeddable":true,"href":"https:\/\/agropartner.marketing-store.hu\/ro\/wp-json\/wp\/v2\/product_brand?post=36349"},{"taxonomy":"product_cat","embeddable":true,"href":"https:\/\/agropartner.marketing-store.hu\/ro\/wp-json\/wp\/v2\/product_cat?post=36349"},{"taxonomy":"product_tag","embeddable":true,"href":"https:\/\/agropartner.marketing-store.hu\/ro\/wp-json\/wp\/v2\/product_tag?post=36349"}],"curies":[{"name":"wp","href":"https:\/\/api.w.org\/{rel}","templated":true}]}}