{"id":35038,"date":"2025-06-17T13:47:48","date_gmt":"2025-06-17T11:47:48","guid":{"rendered":"https:\/\/agropartner.marketing-store.hu\/?post_type=product&#038;p=35038"},"modified":"2025-06-17T13:47:48","modified_gmt":"2025-06-17T11:47:48","slug":"amazone-cenius-6003-2-tx-kultivator","status":"publish","type":"product","link":"https:\/\/agropartner.marketing-store.hu\/ro\/termek\/amazone-cenius-6003-2-tx-kultivator\/","title":{"rendered":"Amazone Cenius 6003-2 TX kultiv\u00e1tor"},"content":{"rendered":"","protected":false},"excerpt":{"rendered":"<p>6,0 m\u00e9ter munkasz\u00e9less\u00e9g, hidraulikus nyit\u00e1s-z\u00e1r\u00e1s, nyom\u00f3rug\u00f3s t\u00falterhel\u00e9s elleni biztos\u00edt\u00e1ssal, egyenget\u0151 t\u00e1rcs\u00e1k, DW t\u00e1rcs\u00e1s henger, kett\u0151 von\u00f3szerkezet<\/p>\n","protected":false},"featured_media":35039,"comment_status":"open","ping_status":"closed","template":"","meta":{"_acf_changed":false},"product_brand":[],"product_cat":[28],"product_tag":[],"class_list":{"0":"post-35038","1":"product","2":"type-product","3":"status-publish","4":"has-post-thumbnail","6":"product_cat-munkagepek","8":"first","9":"instock","10":"shipping-taxable","11":"purchasable","12":"product-type-simple"},"acf":[],"_links":{"self":[{"href":"https:\/\/agropartner.marketing-store.hu\/ro\/wp-json\/wp\/v2\/product\/35038","targetHints":{"allow":["GET"]}}],"collection":[{"href":"https:\/\/agropartner.marketing-store.hu\/ro\/wp-json\/wp\/v2\/product"}],"about":[{"href":"https:\/\/agropartner.marketing-store.hu\/ro\/wp-json\/wp\/v2\/types\/product"}],"replies":[{"embeddable":true,"href":"https:\/\/agropartner.marketing-store.hu\/ro\/wp-json\/wp\/v2\/comments?post=35038"}],"wp:featuredmedia":[{"embeddable":true,"href":"https:\/\/agropartner.marketing-store.hu\/ro\/wp-json\/wp\/v2\/media\/35039"}],"wp:attachment":[{"href":"https:\/\/agropartner.marketing-store.hu\/ro\/wp-json\/wp\/v2\/media?parent=35038"}],"wp:term":[{"taxonomy":"product_brand","embeddable":true,"href":"https:\/\/agropartner.marketing-store.hu\/ro\/wp-json\/wp\/v2\/product_brand?post=35038"},{"taxonomy":"product_cat","embeddable":true,"href":"https:\/\/agropartner.marketing-store.hu\/ro\/wp-json\/wp\/v2\/product_cat?post=35038"},{"taxonomy":"product_tag","embeddable":true,"href":"https:\/\/agropartner.marketing-store.hu\/ro\/wp-json\/wp\/v2\/product_tag?post=35038"}],"curies":[{"name":"wp","href":"https:\/\/api.w.org\/{rel}","templated":true}]}}