{"id":34917,"date":"2025-06-17T13:23:15","date_gmt":"2025-06-17T11:23:15","guid":{"rendered":"https:\/\/agropartner.marketing-store.hu\/?post_type=product&#038;p=34917"},"modified":"2025-06-17T13:23:15","modified_gmt":"2025-06-17T11:23:15","slug":"agro-tom-ath-6-tarcsas-borona","status":"publish","type":"product","link":"https:\/\/agropartner.marketing-store.hu\/ro\/termek\/agro-tom-ath-6-tarcsas-borona\/","title":{"rendered":"Agro-Tom ATH-6 t\u00e1rcs\u00e1s borona"},"content":{"rendered":"","protected":false},"excerpt":{"rendered":"<p>6 m\u00e9ter munkasz\u00e9less\u00e9g, 48 db t\u00e1rcsalap, hidraulikusan \u00f6sszecsukhat\u00f3 v\u00e1z, \u00e9kgy\u0171r\u0171s henger, els\u0151 gazd\u00e1t\u00f3l<\/p>\n","protected":false},"featured_media":34918,"comment_status":"open","ping_status":"closed","template":"","meta":{"_acf_changed":false},"product_brand":[],"product_cat":[28],"product_tag":[],"class_list":{"0":"post-34917","1":"product","2":"type-product","3":"status-publish","4":"has-post-thumbnail","6":"product_cat-munkagepek","8":"first","9":"instock","10":"shipping-taxable","11":"purchasable","12":"product-type-simple"},"acf":[],"_links":{"self":[{"href":"https:\/\/agropartner.marketing-store.hu\/ro\/wp-json\/wp\/v2\/product\/34917","targetHints":{"allow":["GET"]}}],"collection":[{"href":"https:\/\/agropartner.marketing-store.hu\/ro\/wp-json\/wp\/v2\/product"}],"about":[{"href":"https:\/\/agropartner.marketing-store.hu\/ro\/wp-json\/wp\/v2\/types\/product"}],"replies":[{"embeddable":true,"href":"https:\/\/agropartner.marketing-store.hu\/ro\/wp-json\/wp\/v2\/comments?post=34917"}],"wp:featuredmedia":[{"embeddable":true,"href":"https:\/\/agropartner.marketing-store.hu\/ro\/wp-json\/wp\/v2\/media\/34918"}],"wp:attachment":[{"href":"https:\/\/agropartner.marketing-store.hu\/ro\/wp-json\/wp\/v2\/media?parent=34917"}],"wp:term":[{"taxonomy":"product_brand","embeddable":true,"href":"https:\/\/agropartner.marketing-store.hu\/ro\/wp-json\/wp\/v2\/product_brand?post=34917"},{"taxonomy":"product_cat","embeddable":true,"href":"https:\/\/agropartner.marketing-store.hu\/ro\/wp-json\/wp\/v2\/product_cat?post=34917"},{"taxonomy":"product_tag","embeddable":true,"href":"https:\/\/agropartner.marketing-store.hu\/ro\/wp-json\/wp\/v2\/product_tag?post=34917"}],"curies":[{"name":"wp","href":"https:\/\/api.w.org\/{rel}","templated":true}]}}