{"id":34696,"date":"2025-05-23T10:07:40","date_gmt":"2025-05-23T08:07:40","guid":{"rendered":"https:\/\/agropartner.marketing-store.hu\/?post_type=product&#038;p=34696"},"modified":"2025-05-23T10:07:40","modified_gmt":"2025-05-23T08:07:40","slug":"zetor-proxima-plus-100-traktor","status":"publish","type":"product","link":"https:\/\/agropartner.marketing-store.hu\/ro\/termek\/zetor-proxima-plus-100-traktor\/","title":{"rendered":"Zetor Proxima Plus 100 traktor"},"content":{"rendered":"","protected":false},"excerpt":{"rendered":"<p>Powershift 32\/32 v\u00e1lt\u00f3, 40km\/h, kl\u00edma, l\u00e9gf\u00e9k 1+2 k\u00f6r\u00f6s, orrs\u00faly+ ker\u00e9ks\u00faly, Trac-Lift TL220 homlokrakod\u00f3, \u00e1ll\u00edthat\u00f3 felnik<\/p>\n","protected":false},"featured_media":34697,"comment_status":"open","ping_status":"closed","template":"","meta":{"_acf_changed":false},"product_brand":[],"product_cat":[39],"product_tag":[],"class_list":{"0":"post-34696","1":"product","2":"type-product","3":"status-publish","4":"has-post-thumbnail","6":"product_cat-traktor","8":"first","9":"instock","10":"shipping-taxable","11":"purchasable","12":"product-type-simple"},"acf":[],"_links":{"self":[{"href":"https:\/\/agropartner.marketing-store.hu\/ro\/wp-json\/wp\/v2\/product\/34696","targetHints":{"allow":["GET"]}}],"collection":[{"href":"https:\/\/agropartner.marketing-store.hu\/ro\/wp-json\/wp\/v2\/product"}],"about":[{"href":"https:\/\/agropartner.marketing-store.hu\/ro\/wp-json\/wp\/v2\/types\/product"}],"replies":[{"embeddable":true,"href":"https:\/\/agropartner.marketing-store.hu\/ro\/wp-json\/wp\/v2\/comments?post=34696"}],"wp:featuredmedia":[{"embeddable":true,"href":"https:\/\/agropartner.marketing-store.hu\/ro\/wp-json\/wp\/v2\/media\/34697"}],"wp:attachment":[{"href":"https:\/\/agropartner.marketing-store.hu\/ro\/wp-json\/wp\/v2\/media?parent=34696"}],"wp:term":[{"taxonomy":"product_brand","embeddable":true,"href":"https:\/\/agropartner.marketing-store.hu\/ro\/wp-json\/wp\/v2\/product_brand?post=34696"},{"taxonomy":"product_cat","embeddable":true,"href":"https:\/\/agropartner.marketing-store.hu\/ro\/wp-json\/wp\/v2\/product_cat?post=34696"},{"taxonomy":"product_tag","embeddable":true,"href":"https:\/\/agropartner.marketing-store.hu\/ro\/wp-json\/wp\/v2\/product_tag?post=34696"}],"curies":[{"name":"wp","href":"https:\/\/api.w.org\/{rel}","templated":true}]}}