{"id":34453,"date":"2025-05-22T15:15:55","date_gmt":"2025-05-22T13:15:55","guid":{"rendered":"https:\/\/agropartner.marketing-store.hu\/?post_type=product&#038;p=34453"},"modified":"2025-05-22T15:15:57","modified_gmt":"2025-05-22T13:15:57","slug":"challenger-mt-575b-traktor","status":"publish","type":"product","link":"https:\/\/agropartner.marketing-store.hu\/ro\/termek\/challenger-mt-575b-traktor\/","title":{"rendered":"Challenger MT 575B traktor"},"content":{"rendered":"","protected":false},"excerpt":{"rendered":"<p>Magyar gazd\u00e1t\u00f3l, Caterpillar motor, 40 km\/h CVT, f\u00fclke rug\u00f3z\u00e1s, l\u00e9gf\u00e9k, orrs\u00faly, 540\/1000 kard\u00e1n, orrs\u00faly, Grammer l\u00e9grug\u00f3s \u00fcl\u00e9s<\/p>\n","protected":false},"featured_media":34460,"comment_status":"open","ping_status":"closed","template":"","meta":{"_acf_changed":false},"product_brand":[],"product_cat":[39],"product_tag":[],"class_list":{"0":"post-34453","1":"product","2":"type-product","3":"status-publish","4":"has-post-thumbnail","6":"product_cat-traktor","8":"first","9":"instock","10":"shipping-taxable","11":"purchasable","12":"product-type-simple"},"acf":[],"_links":{"self":[{"href":"https:\/\/agropartner.marketing-store.hu\/ro\/wp-json\/wp\/v2\/product\/34453","targetHints":{"allow":["GET"]}}],"collection":[{"href":"https:\/\/agropartner.marketing-store.hu\/ro\/wp-json\/wp\/v2\/product"}],"about":[{"href":"https:\/\/agropartner.marketing-store.hu\/ro\/wp-json\/wp\/v2\/types\/product"}],"replies":[{"embeddable":true,"href":"https:\/\/agropartner.marketing-store.hu\/ro\/wp-json\/wp\/v2\/comments?post=34453"}],"wp:featuredmedia":[{"embeddable":true,"href":"https:\/\/agropartner.marketing-store.hu\/ro\/wp-json\/wp\/v2\/media\/34460"}],"wp:attachment":[{"href":"https:\/\/agropartner.marketing-store.hu\/ro\/wp-json\/wp\/v2\/media?parent=34453"}],"wp:term":[{"taxonomy":"product_brand","embeddable":true,"href":"https:\/\/agropartner.marketing-store.hu\/ro\/wp-json\/wp\/v2\/product_brand?post=34453"},{"taxonomy":"product_cat","embeddable":true,"href":"https:\/\/agropartner.marketing-store.hu\/ro\/wp-json\/wp\/v2\/product_cat?post=34453"},{"taxonomy":"product_tag","embeddable":true,"href":"https:\/\/agropartner.marketing-store.hu\/ro\/wp-json\/wp\/v2\/product_tag?post=34453"}],"curies":[{"name":"wp","href":"https:\/\/api.w.org\/{rel}","templated":true}]}}