{"id":34220,"date":"2025-05-22T14:56:44","date_gmt":"2025-05-22T12:56:44","guid":{"rendered":"https:\/\/agropartner.marketing-store.hu\/?post_type=product&#038;p=34220"},"modified":"2025-05-22T14:56:44","modified_gmt":"2025-05-22T12:56:44","slug":"case-ih-magnum-280-traktor","status":"publish","type":"product","link":"https:\/\/agropartner.marketing-store.hu\/ro\/termek\/case-ih-magnum-280-traktor\/","title":{"rendered":"Case IH Magnum 280 traktor"},"content":{"rendered":"","protected":false},"excerpt":{"rendered":"<p>Powershift 19\/4 v\u00e1lt\u00f3, 50 km\/h, automata korm\u00e1nyz\u00e1s el\u0151k\u00e9sz\u00edt\u00e9s, AFS Pro 700 monitor, ISOBUS, 5 p\u00e1r kihelyezett hidraulika k\u00f6r, h\u00edd + f\u00fclke rug\u00f3z\u00e1s, l\u00e9gf\u00e9k<\/p>\n","protected":false},"featured_media":34221,"comment_status":"open","ping_status":"closed","template":"","meta":{"_acf_changed":false},"product_brand":[],"product_cat":[39],"product_tag":[],"class_list":{"0":"post-34220","1":"product","2":"type-product","3":"status-publish","4":"has-post-thumbnail","6":"product_cat-traktor","8":"first","9":"instock","10":"shipping-taxable","11":"purchasable","12":"product-type-simple"},"acf":[],"_links":{"self":[{"href":"https:\/\/agropartner.marketing-store.hu\/ro\/wp-json\/wp\/v2\/product\/34220","targetHints":{"allow":["GET"]}}],"collection":[{"href":"https:\/\/agropartner.marketing-store.hu\/ro\/wp-json\/wp\/v2\/product"}],"about":[{"href":"https:\/\/agropartner.marketing-store.hu\/ro\/wp-json\/wp\/v2\/types\/product"}],"replies":[{"embeddable":true,"href":"https:\/\/agropartner.marketing-store.hu\/ro\/wp-json\/wp\/v2\/comments?post=34220"}],"wp:featuredmedia":[{"embeddable":true,"href":"https:\/\/agropartner.marketing-store.hu\/ro\/wp-json\/wp\/v2\/media\/34221"}],"wp:attachment":[{"href":"https:\/\/agropartner.marketing-store.hu\/ro\/wp-json\/wp\/v2\/media?parent=34220"}],"wp:term":[{"taxonomy":"product_brand","embeddable":true,"href":"https:\/\/agropartner.marketing-store.hu\/ro\/wp-json\/wp\/v2\/product_brand?post=34220"},{"taxonomy":"product_cat","embeddable":true,"href":"https:\/\/agropartner.marketing-store.hu\/ro\/wp-json\/wp\/v2\/product_cat?post=34220"},{"taxonomy":"product_tag","embeddable":true,"href":"https:\/\/agropartner.marketing-store.hu\/ro\/wp-json\/wp\/v2\/product_tag?post=34220"}],"curies":[{"name":"wp","href":"https:\/\/api.w.org\/{rel}","templated":true}]}}