{"id":34099,"date":"2025-05-22T14:44:30","date_gmt":"2025-05-22T12:44:30","guid":{"rendered":"https:\/\/agropartner.marketing-store.hu\/?post_type=product&#038;p=34099"},"modified":"2025-05-27T10:39:43","modified_gmt":"2025-05-27T08:39:43","slug":"new-holland-t7-270","status":"publish","type":"product","link":"https:\/\/agropartner.marketing-store.hu\/ro\/termek\/new-holland-t7-270\/","title":{"rendered":"New Holland T7.270 traktor"},"content":{"rendered":"","protected":false},"excerpt":{"rendered":"<p>Auto Command v\u00e1lt\u00f3, 50 km\/h, rug\u00f3zott h\u00edd+f\u00fclke, Teli front s\u00falyoz\u00e1s, h\u00e1ts\u00f3 k\u00fcls\u0151 ker\u00e9ks\u00faly, \u00a0gy\u00e1ri l\u00e9gf\u00e9kki\u00e9p\u00edt\u00e9s (1+2 k\u00f6r\u00f6s)<\/p>\n","protected":false},"featured_media":34100,"comment_status":"open","ping_status":"closed","template":"","meta":{"_acf_changed":false},"product_brand":[],"product_cat":[39],"product_tag":[],"class_list":{"0":"post-34099","1":"product","2":"type-product","3":"status-publish","4":"has-post-thumbnail","6":"product_cat-traktor","8":"first","9":"instock","10":"shipping-taxable","11":"purchasable","12":"product-type-simple"},"acf":[],"_links":{"self":[{"href":"https:\/\/agropartner.marketing-store.hu\/ro\/wp-json\/wp\/v2\/product\/34099","targetHints":{"allow":["GET"]}}],"collection":[{"href":"https:\/\/agropartner.marketing-store.hu\/ro\/wp-json\/wp\/v2\/product"}],"about":[{"href":"https:\/\/agropartner.marketing-store.hu\/ro\/wp-json\/wp\/v2\/types\/product"}],"replies":[{"embeddable":true,"href":"https:\/\/agropartner.marketing-store.hu\/ro\/wp-json\/wp\/v2\/comments?post=34099"}],"wp:featuredmedia":[{"embeddable":true,"href":"https:\/\/agropartner.marketing-store.hu\/ro\/wp-json\/wp\/v2\/media\/34100"}],"wp:attachment":[{"href":"https:\/\/agropartner.marketing-store.hu\/ro\/wp-json\/wp\/v2\/media?parent=34099"}],"wp:term":[{"taxonomy":"product_brand","embeddable":true,"href":"https:\/\/agropartner.marketing-store.hu\/ro\/wp-json\/wp\/v2\/product_brand?post=34099"},{"taxonomy":"product_cat","embeddable":true,"href":"https:\/\/agropartner.marketing-store.hu\/ro\/wp-json\/wp\/v2\/product_cat?post=34099"},{"taxonomy":"product_tag","embeddable":true,"href":"https:\/\/agropartner.marketing-store.hu\/ro\/wp-json\/wp\/v2\/product_tag?post=34099"}],"curies":[{"name":"wp","href":"https:\/\/api.w.org\/{rel}","templated":true}]}}