{"id":33615,"date":"2025-05-22T14:03:03","date_gmt":"2025-05-22T12:03:03","guid":{"rendered":"https:\/\/agropartner.marketing-store.hu\/?post_type=product&#038;p=33615"},"modified":"2025-05-23T08:58:28","modified_gmt":"2025-05-23T06:58:28","slug":"case-ih-maxxum-115","status":"publish","type":"product","link":"https:\/\/agropartner.marketing-store.hu\/ro\/termek\/case-ih-maxxum-115\/","title":{"rendered":"Case IH Maxxum 115 traktor"},"content":{"rendered":"","protected":false},"excerpt":{"rendered":"<p>Magyarorsz\u00e1gi, els\u0151 gazd\u00e1t\u00f3l elad\u00f3! Kifog\u00e1stalan \u00e1llapotban, \u00fajszer\u0171 homlokrakod\u00f3val, fronthidraulik\u00e1val, frontkard\u00e1nnal. Ak\u00e1r l\u00edzingre is megv\u00e1s\u00e1rolhat\u00f3, 10%+\u00c1FA \u00f6ner\u0151t\u0151l! Egy p\u00e9lda arra, amikor egy traktor a magasabb \u00fczem\u00f3ra ellen\u00e9re is tud kiv\u00e1l\u00f3 \u00e1llapotban lenni.<\/p>\n","protected":false},"featured_media":33616,"comment_status":"open","ping_status":"closed","template":"","meta":{"_acf_changed":false},"product_brand":[],"product_cat":[39],"product_tag":[],"class_list":{"0":"post-33615","1":"product","2":"type-product","3":"status-publish","4":"has-post-thumbnail","6":"product_cat-traktor","8":"first","9":"instock","10":"shipping-taxable","11":"purchasable","12":"product-type-simple"},"acf":[],"_links":{"self":[{"href":"https:\/\/agropartner.marketing-store.hu\/ro\/wp-json\/wp\/v2\/product\/33615","targetHints":{"allow":["GET"]}}],"collection":[{"href":"https:\/\/agropartner.marketing-store.hu\/ro\/wp-json\/wp\/v2\/product"}],"about":[{"href":"https:\/\/agropartner.marketing-store.hu\/ro\/wp-json\/wp\/v2\/types\/product"}],"replies":[{"embeddable":true,"href":"https:\/\/agropartner.marketing-store.hu\/ro\/wp-json\/wp\/v2\/comments?post=33615"}],"wp:featuredmedia":[{"embeddable":true,"href":"https:\/\/agropartner.marketing-store.hu\/ro\/wp-json\/wp\/v2\/media\/33616"}],"wp:attachment":[{"href":"https:\/\/agropartner.marketing-store.hu\/ro\/wp-json\/wp\/v2\/media?parent=33615"}],"wp:term":[{"taxonomy":"product_brand","embeddable":true,"href":"https:\/\/agropartner.marketing-store.hu\/ro\/wp-json\/wp\/v2\/product_brand?post=33615"},{"taxonomy":"product_cat","embeddable":true,"href":"https:\/\/agropartner.marketing-store.hu\/ro\/wp-json\/wp\/v2\/product_cat?post=33615"},{"taxonomy":"product_tag","embeddable":true,"href":"https:\/\/agropartner.marketing-store.hu\/ro\/wp-json\/wp\/v2\/product_tag?post=33615"}],"curies":[{"name":"wp","href":"https:\/\/api.w.org\/{rel}","templated":true}]}}