{"id":33494,"date":"2025-05-22T13:52:38","date_gmt":"2025-05-22T11:52:38","guid":{"rendered":"https:\/\/agropartner.marketing-store.hu\/?post_type=product&#038;p=33494"},"modified":"2025-09-08T10:12:35","modified_gmt":"2025-09-08T08:12:35","slug":"john-deere-8320-traktor","status":"publish","type":"product","link":"https:\/\/agropartner.marketing-store.hu\/ro\/termek\/john-deere-8320-traktor\/","title":{"rendered":"John Deere 8320 traktor"},"content":{"rendered":"","protected":false},"excerpt":{"rendered":"<p>Powershift 16\/5 v\u00e1lt\u00f3, 40 km\/h, 8,1 literes motor, 3 p\u00e1r kihelyezett hidraulika k\u00f6r, l\u00e9gf\u00e9k 1+2 k\u00f6r\u00f6s, h\u00e1ts\u00f3 ikerker\u00e9k szett, orrs\u00faly, \u00daJ porlaszt\u00f3k!<\/p>\n","protected":false},"featured_media":33501,"comment_status":"open","ping_status":"closed","template":"","meta":{"_acf_changed":false},"product_brand":[],"product_cat":[39],"product_tag":[],"class_list":{"0":"post-33494","1":"product","2":"type-product","3":"status-publish","4":"has-post-thumbnail","6":"product_cat-traktor","8":"first","9":"instock","10":"shipping-taxable","11":"purchasable","12":"product-type-simple"},"acf":[],"_links":{"self":[{"href":"https:\/\/agropartner.marketing-store.hu\/ro\/wp-json\/wp\/v2\/product\/33494","targetHints":{"allow":["GET"]}}],"collection":[{"href":"https:\/\/agropartner.marketing-store.hu\/ro\/wp-json\/wp\/v2\/product"}],"about":[{"href":"https:\/\/agropartner.marketing-store.hu\/ro\/wp-json\/wp\/v2\/types\/product"}],"replies":[{"embeddable":true,"href":"https:\/\/agropartner.marketing-store.hu\/ro\/wp-json\/wp\/v2\/comments?post=33494"}],"wp:featuredmedia":[{"embeddable":true,"href":"https:\/\/agropartner.marketing-store.hu\/ro\/wp-json\/wp\/v2\/media\/33501"}],"wp:attachment":[{"href":"https:\/\/agropartner.marketing-store.hu\/ro\/wp-json\/wp\/v2\/media?parent=33494"}],"wp:term":[{"taxonomy":"product_brand","embeddable":true,"href":"https:\/\/agropartner.marketing-store.hu\/ro\/wp-json\/wp\/v2\/product_brand?post=33494"},{"taxonomy":"product_cat","embeddable":true,"href":"https:\/\/agropartner.marketing-store.hu\/ro\/wp-json\/wp\/v2\/product_cat?post=33494"},{"taxonomy":"product_tag","embeddable":true,"href":"https:\/\/agropartner.marketing-store.hu\/ro\/wp-json\/wp\/v2\/product_tag?post=33494"}],"curies":[{"name":"wp","href":"https:\/\/api.w.org\/{rel}","templated":true}]}}