{"id":33373,"date":"2025-05-22T13:42:10","date_gmt":"2025-05-22T11:42:10","guid":{"rendered":"https:\/\/agropartner.marketing-store.hu\/?post_type=product&#038;p=33373"},"modified":"2025-05-22T13:42:10","modified_gmt":"2025-05-22T11:42:10","slug":"john-deere-8220-ils-traktor","status":"publish","type":"product","link":"https:\/\/agropartner.marketing-store.hu\/ro\/termek\/john-deere-8220-ils-traktor\/","title":{"rendered":"John Deere 8220 ILS traktor"},"content":{"rendered":"","protected":false},"excerpt":{"rendered":"<p>Powershift 16\/4 v\u00e1lt\u00f3, 40 km\/h, AutoTrac ready ATU rendszerrel, ISOBUS, ILS rug\u00f3zott h\u00edd, Akt\u00edv \u00fcl\u00e9s, 4 p\u00e1r hidraulika k\u00f6r, l\u00e9gf\u00e9k 1+2 k\u00f6r\u00f6s<\/p>\n","protected":false},"featured_media":33374,"comment_status":"open","ping_status":"closed","template":"","meta":{"_acf_changed":false},"product_brand":[],"product_cat":[39],"product_tag":[],"class_list":{"0":"post-33373","1":"product","2":"type-product","3":"status-publish","4":"has-post-thumbnail","6":"product_cat-traktor","8":"first","9":"instock","10":"shipping-taxable","11":"purchasable","12":"product-type-simple"},"acf":[],"_links":{"self":[{"href":"https:\/\/agropartner.marketing-store.hu\/ro\/wp-json\/wp\/v2\/product\/33373","targetHints":{"allow":["GET"]}}],"collection":[{"href":"https:\/\/agropartner.marketing-store.hu\/ro\/wp-json\/wp\/v2\/product"}],"about":[{"href":"https:\/\/agropartner.marketing-store.hu\/ro\/wp-json\/wp\/v2\/types\/product"}],"replies":[{"embeddable":true,"href":"https:\/\/agropartner.marketing-store.hu\/ro\/wp-json\/wp\/v2\/comments?post=33373"}],"wp:featuredmedia":[{"embeddable":true,"href":"https:\/\/agropartner.marketing-store.hu\/ro\/wp-json\/wp\/v2\/media\/33374"}],"wp:attachment":[{"href":"https:\/\/agropartner.marketing-store.hu\/ro\/wp-json\/wp\/v2\/media?parent=33373"}],"wp:term":[{"taxonomy":"product_brand","embeddable":true,"href":"https:\/\/agropartner.marketing-store.hu\/ro\/wp-json\/wp\/v2\/product_brand?post=33373"},{"taxonomy":"product_cat","embeddable":true,"href":"https:\/\/agropartner.marketing-store.hu\/ro\/wp-json\/wp\/v2\/product_cat?post=33373"},{"taxonomy":"product_tag","embeddable":true,"href":"https:\/\/agropartner.marketing-store.hu\/ro\/wp-json\/wp\/v2\/product_tag?post=33373"}],"curies":[{"name":"wp","href":"https:\/\/api.w.org\/{rel}","templated":true}]}}