{"id":33009,"date":"2025-05-22T12:05:51","date_gmt":"2025-05-22T10:05:51","guid":{"rendered":"https:\/\/agropartner.marketing-store.hu\/?post_type=product&#038;p=33009"},"modified":"2025-09-05T13:34:32","modified_gmt":"2025-09-05T11:34:32","slug":"john-deere-6100rc-traktor","status":"publish","type":"product","link":"https:\/\/agropartner.marketing-store.hu\/ro\/termek\/john-deere-6100rc-traktor\/","title":{"rendered":"John Deere 6100RC traktor"},"content":{"rendered":"","protected":false},"excerpt":{"rendered":"<p>AutoQuad Plus 24\/24 v\u00e1lt\u00f3, 40km\/h, TLS, l\u00e9gf\u00e9k 1+2 k\u00f6r\u00f6s, kl\u00edma, Full RTK automata korm\u00e1nyz\u00e1s, teljes els\u0151 s\u00falyoz\u00e1s \u00a03 p\u00e1r hidraulika k\u00f6r, \u00e1ll\u00edthat\u00f3 felnik, els\u0151 s\u00falyoz\u00e1s + k\u00fcls\u0151 h\u00e1ts\u00f3 ker\u00e9ks\u00falyoz\u00e1s<\/p>\n","protected":false},"featured_media":33010,"comment_status":"open","ping_status":"closed","template":"","meta":{"_acf_changed":false},"product_brand":[],"product_cat":[39],"product_tag":[],"class_list":{"0":"post-33009","1":"product","2":"type-product","3":"status-publish","4":"has-post-thumbnail","6":"product_cat-traktor","8":"first","9":"instock","10":"shipping-taxable","11":"purchasable","12":"product-type-simple"},"acf":[],"_links":{"self":[{"href":"https:\/\/agropartner.marketing-store.hu\/ro\/wp-json\/wp\/v2\/product\/33009","targetHints":{"allow":["GET"]}}],"collection":[{"href":"https:\/\/agropartner.marketing-store.hu\/ro\/wp-json\/wp\/v2\/product"}],"about":[{"href":"https:\/\/agropartner.marketing-store.hu\/ro\/wp-json\/wp\/v2\/types\/product"}],"replies":[{"embeddable":true,"href":"https:\/\/agropartner.marketing-store.hu\/ro\/wp-json\/wp\/v2\/comments?post=33009"}],"wp:featuredmedia":[{"embeddable":true,"href":"https:\/\/agropartner.marketing-store.hu\/ro\/wp-json\/wp\/v2\/media\/33010"}],"wp:attachment":[{"href":"https:\/\/agropartner.marketing-store.hu\/ro\/wp-json\/wp\/v2\/media?parent=33009"}],"wp:term":[{"taxonomy":"product_brand","embeddable":true,"href":"https:\/\/agropartner.marketing-store.hu\/ro\/wp-json\/wp\/v2\/product_brand?post=33009"},{"taxonomy":"product_cat","embeddable":true,"href":"https:\/\/agropartner.marketing-store.hu\/ro\/wp-json\/wp\/v2\/product_cat?post=33009"},{"taxonomy":"product_tag","embeddable":true,"href":"https:\/\/agropartner.marketing-store.hu\/ro\/wp-json\/wp\/v2\/product_tag?post=33009"}],"curies":[{"name":"wp","href":"https:\/\/api.w.org\/{rel}","templated":true}]}}