{"id":32924,"date":"2025-05-22T11:56:21","date_gmt":"2025-05-22T09:56:21","guid":{"rendered":"https:\/\/agropartner.marketing-store.hu\/?post_type=product&#038;p=32924"},"modified":"2025-09-08T10:23:18","modified_gmt":"2025-09-08T08:23:18","slug":"john-deere-4755-traktor","status":"publish","type":"product","link":"https:\/\/agropartner.marketing-store.hu\/ro\/termek\/john-deere-4755-traktor\/","title":{"rendered":"John Deere 4755 traktor"},"content":{"rendered":"","protected":false},"excerpt":{"rendered":"<p>15\/4 Powershift v\u00e1lt\u00f3, 30 km\/h, 6 hengeres 7,6 literes motor, fekete rendsz\u00e1m, kl\u00edma, 3 p\u00e1r kihelyezett hidraulika k\u00f6r, h\u00e1ts\u00f3 ikerker\u00e9k szett, hossz\u00facsonkos kivitel<\/p>\n","protected":false},"featured_media":32925,"comment_status":"open","ping_status":"closed","template":"","meta":{"_acf_changed":false},"product_brand":[],"product_cat":[39],"product_tag":[],"class_list":{"0":"post-32924","1":"product","2":"type-product","3":"status-publish","4":"has-post-thumbnail","6":"product_cat-traktor","8":"first","9":"instock","10":"shipping-taxable","11":"purchasable","12":"product-type-simple"},"acf":[],"_links":{"self":[{"href":"https:\/\/agropartner.marketing-store.hu\/ro\/wp-json\/wp\/v2\/product\/32924","targetHints":{"allow":["GET"]}}],"collection":[{"href":"https:\/\/agropartner.marketing-store.hu\/ro\/wp-json\/wp\/v2\/product"}],"about":[{"href":"https:\/\/agropartner.marketing-store.hu\/ro\/wp-json\/wp\/v2\/types\/product"}],"replies":[{"embeddable":true,"href":"https:\/\/agropartner.marketing-store.hu\/ro\/wp-json\/wp\/v2\/comments?post=32924"}],"wp:featuredmedia":[{"embeddable":true,"href":"https:\/\/agropartner.marketing-store.hu\/ro\/wp-json\/wp\/v2\/media\/32925"}],"wp:attachment":[{"href":"https:\/\/agropartner.marketing-store.hu\/ro\/wp-json\/wp\/v2\/media?parent=32924"}],"wp:term":[{"taxonomy":"product_brand","embeddable":true,"href":"https:\/\/agropartner.marketing-store.hu\/ro\/wp-json\/wp\/v2\/product_brand?post=32924"},{"taxonomy":"product_cat","embeddable":true,"href":"https:\/\/agropartner.marketing-store.hu\/ro\/wp-json\/wp\/v2\/product_cat?post=32924"},{"taxonomy":"product_tag","embeddable":true,"href":"https:\/\/agropartner.marketing-store.hu\/ro\/wp-json\/wp\/v2\/product_tag?post=32924"}],"curies":[{"name":"wp","href":"https:\/\/api.w.org\/{rel}","templated":true}]}}