{"id":32682,"date":"2025-05-22T11:40:02","date_gmt":"2025-05-22T09:40:02","guid":{"rendered":"https:\/\/agropartner.marketing-store.hu\/?post_type=product&#038;p=32682"},"modified":"2025-05-22T11:40:03","modified_gmt":"2025-05-22T09:40:03","slug":"john-deere-3140-traktor","status":"publish","type":"product","link":"https:\/\/agropartner.marketing-store.hu\/ro\/termek\/john-deere-3140-traktor\/","title":{"rendered":"John Deere 3140 traktor"},"content":{"rendered":"","protected":false},"excerpt":{"rendered":"<p>8\/4 Syncromesh v\u00e1lt\u00f3, 30 km\/h sebess\u00e9g, 6 hengeres 5,9 literes John Deere motor, 4WD \u00f6sszker\u00e9khajt\u00e1s, 540\/1000 kard\u00e1n, kl\u00edma, fronthidraulika<\/p>\n","protected":false},"featured_media":32683,"comment_status":"open","ping_status":"closed","template":"","meta":{"_acf_changed":false},"product_brand":[],"product_cat":[39],"product_tag":[],"class_list":{"0":"post-32682","1":"product","2":"type-product","3":"status-publish","4":"has-post-thumbnail","6":"product_cat-traktor","8":"first","9":"instock","10":"shipping-taxable","11":"purchasable","12":"product-type-simple"},"acf":[],"_links":{"self":[{"href":"https:\/\/agropartner.marketing-store.hu\/ro\/wp-json\/wp\/v2\/product\/32682","targetHints":{"allow":["GET"]}}],"collection":[{"href":"https:\/\/agropartner.marketing-store.hu\/ro\/wp-json\/wp\/v2\/product"}],"about":[{"href":"https:\/\/agropartner.marketing-store.hu\/ro\/wp-json\/wp\/v2\/types\/product"}],"replies":[{"embeddable":true,"href":"https:\/\/agropartner.marketing-store.hu\/ro\/wp-json\/wp\/v2\/comments?post=32682"}],"wp:featuredmedia":[{"embeddable":true,"href":"https:\/\/agropartner.marketing-store.hu\/ro\/wp-json\/wp\/v2\/media\/32683"}],"wp:attachment":[{"href":"https:\/\/agropartner.marketing-store.hu\/ro\/wp-json\/wp\/v2\/media?parent=32682"}],"wp:term":[{"taxonomy":"product_brand","embeddable":true,"href":"https:\/\/agropartner.marketing-store.hu\/ro\/wp-json\/wp\/v2\/product_brand?post=32682"},{"taxonomy":"product_cat","embeddable":true,"href":"https:\/\/agropartner.marketing-store.hu\/ro\/wp-json\/wp\/v2\/product_cat?post=32682"},{"taxonomy":"product_tag","embeddable":true,"href":"https:\/\/agropartner.marketing-store.hu\/ro\/wp-json\/wp\/v2\/product_tag?post=32682"}],"curies":[{"name":"wp","href":"https:\/\/api.w.org\/{rel}","templated":true}]}}