{"id":32547,"date":"2025-05-22T09:47:49","date_gmt":"2025-05-22T07:47:49","guid":{"rendered":"https:\/\/agropartner.marketing-store.hu\/?post_type=product&#038;p=32547"},"modified":"2025-05-27T14:30:30","modified_gmt":"2025-05-27T12:30:30","slug":"claas-xerion-5000-trac-vc-traktor","status":"publish","type":"product","link":"https:\/\/agropartner.marketing-store.hu\/ro\/termek\/claas-xerion-5000-trac-vc-traktor\/","title":{"rendered":"CLAAS Xerion 5000 TRAC VC traktor"},"content":{"rendered":"","protected":false},"excerpt":{"rendered":"<p>\u201e\u00c1FA MENTESEN\u201d megv\u00e1s\u00e1rolhat\u00f3! Mercedes OM471 motor, 530LE, ZF Eccom 4.5 v\u00e1lt\u00f3, 40km\/h, \u201eVC\u201d forgathat\u00f3 f\u00fclk\u00e9s kivitel, RTK rendszer S10 monitorral, LED munkal\u00e1mp\u00e1k, R&amp;M (gy\u00e1ri) guminyom\u00e1s szab\u00e1lyz\u00f3 rendszer<\/p>\n","protected":false},"featured_media":32549,"comment_status":"open","ping_status":"closed","template":"","meta":{"_acf_changed":false},"product_brand":[],"product_cat":[39],"product_tag":[],"class_list":{"0":"post-32547","1":"product","2":"type-product","3":"status-publish","4":"has-post-thumbnail","6":"product_cat-traktor","8":"first","9":"instock","10":"shipping-taxable","11":"purchasable","12":"product-type-simple"},"acf":[],"_links":{"self":[{"href":"https:\/\/agropartner.marketing-store.hu\/ro\/wp-json\/wp\/v2\/product\/32547","targetHints":{"allow":["GET"]}}],"collection":[{"href":"https:\/\/agropartner.marketing-store.hu\/ro\/wp-json\/wp\/v2\/product"}],"about":[{"href":"https:\/\/agropartner.marketing-store.hu\/ro\/wp-json\/wp\/v2\/types\/product"}],"replies":[{"embeddable":true,"href":"https:\/\/agropartner.marketing-store.hu\/ro\/wp-json\/wp\/v2\/comments?post=32547"}],"wp:featuredmedia":[{"embeddable":true,"href":"https:\/\/agropartner.marketing-store.hu\/ro\/wp-json\/wp\/v2\/media\/32549"}],"wp:attachment":[{"href":"https:\/\/agropartner.marketing-store.hu\/ro\/wp-json\/wp\/v2\/media?parent=32547"}],"wp:term":[{"taxonomy":"product_brand","embeddable":true,"href":"https:\/\/agropartner.marketing-store.hu\/ro\/wp-json\/wp\/v2\/product_brand?post=32547"},{"taxonomy":"product_cat","embeddable":true,"href":"https:\/\/agropartner.marketing-store.hu\/ro\/wp-json\/wp\/v2\/product_cat?post=32547"},{"taxonomy":"product_tag","embeddable":true,"href":"https:\/\/agropartner.marketing-store.hu\/ro\/wp-json\/wp\/v2\/product_tag?post=32547"}],"curies":[{"name":"wp","href":"https:\/\/api.w.org\/{rel}","templated":true}]}}