{"id":32426,"date":"2025-05-22T09:40:29","date_gmt":"2025-05-22T07:40:29","guid":{"rendered":"https:\/\/agropartner.marketing-store.hu\/?post_type=product&#038;p=32426"},"modified":"2025-05-27T14:29:19","modified_gmt":"2025-05-27T12:29:19","slug":"claas-axion-930-traktor","status":"publish","type":"product","link":"https:\/\/agropartner.marketing-store.hu\/ro\/termek\/claas-axion-930-traktor\/","title":{"rendered":"Claas Axion 930 traktor"},"content":{"rendered":"","protected":false},"excerpt":{"rendered":"<p>\u201e\u00c1FA MENTESEN\u201d megv\u00e1s\u00e1rolhat\u00f3! CMATIC v\u00e1lt\u00f3, 50km\/h, rug\u00f3zott h\u00edd \u00e9s f\u00fclke, pr\u00e9mium fronthidraulika, gy\u00e1ri automata korm\u00e1nyz\u00e1s, l\u00e9gf\u00e9k, FULL LED, \u00daJSZER\u0170!<\/p>\n","protected":false},"featured_media":32427,"comment_status":"open","ping_status":"closed","template":"","meta":{"_acf_changed":false},"product_brand":[],"product_cat":[39],"product_tag":[],"class_list":{"0":"post-32426","1":"product","2":"type-product","3":"status-publish","4":"has-post-thumbnail","6":"product_cat-traktor","8":"first","9":"instock","10":"shipping-taxable","11":"purchasable","12":"product-type-simple"},"acf":[],"_links":{"self":[{"href":"https:\/\/agropartner.marketing-store.hu\/ro\/wp-json\/wp\/v2\/product\/32426","targetHints":{"allow":["GET"]}}],"collection":[{"href":"https:\/\/agropartner.marketing-store.hu\/ro\/wp-json\/wp\/v2\/product"}],"about":[{"href":"https:\/\/agropartner.marketing-store.hu\/ro\/wp-json\/wp\/v2\/types\/product"}],"replies":[{"embeddable":true,"href":"https:\/\/agropartner.marketing-store.hu\/ro\/wp-json\/wp\/v2\/comments?post=32426"}],"wp:featuredmedia":[{"embeddable":true,"href":"https:\/\/agropartner.marketing-store.hu\/ro\/wp-json\/wp\/v2\/media\/32427"}],"wp:attachment":[{"href":"https:\/\/agropartner.marketing-store.hu\/ro\/wp-json\/wp\/v2\/media?parent=32426"}],"wp:term":[{"taxonomy":"product_brand","embeddable":true,"href":"https:\/\/agropartner.marketing-store.hu\/ro\/wp-json\/wp\/v2\/product_brand?post=32426"},{"taxonomy":"product_cat","embeddable":true,"href":"https:\/\/agropartner.marketing-store.hu\/ro\/wp-json\/wp\/v2\/product_cat?post=32426"},{"taxonomy":"product_tag","embeddable":true,"href":"https:\/\/agropartner.marketing-store.hu\/ro\/wp-json\/wp\/v2\/product_tag?post=32426"}],"curies":[{"name":"wp","href":"https:\/\/api.w.org\/{rel}","templated":true}]}}