{"id":32139,"date":"2025-05-22T09:05:14","date_gmt":"2025-05-22T07:05:14","guid":{"rendered":"https:\/\/agropartner.marketing-store.hu\/?post_type=product&#038;p=32139"},"modified":"2025-05-22T09:27:36","modified_gmt":"2025-05-22T07:27:36","slug":"claas-axion-810-cis-traktor","status":"publish","type":"product","link":"https:\/\/agropartner.marketing-store.hu\/ro\/termek\/claas-axion-810-cis-traktor\/","title":{"rendered":"Claas Axion 810 CIS traktor"},"content":{"rendered":"","protected":false},"excerpt":{"rendered":"<p>\u00dajszer\u0171, frontkard\u00e1nos g\u00e9p, magyarorsz\u00e1gi tulajdonost\u00f3l, Michelin gumiz\u00e1ssal. Powershift 40km\/h v\u00e1lt\u00f3, rug\u00f3zott h\u00edd+f\u00fclke, 1+2 k\u00f6r\u00f6s l\u00e9gf\u00e9k, Gy\u00e1ri automata korm\u00e1nyz\u00e1s el\u0151k\u00e9sz\u00edt\u00e9s, Claas monitorral<\/p>\n","protected":false},"featured_media":32182,"comment_status":"open","ping_status":"closed","template":"","meta":{"_acf_changed":false},"product_brand":[],"product_cat":[39],"product_tag":[],"class_list":{"0":"post-32139","1":"product","2":"type-product","3":"status-publish","4":"has-post-thumbnail","6":"product_cat-traktor","8":"first","9":"instock","10":"shipping-taxable","11":"purchasable","12":"product-type-simple"},"acf":[],"_links":{"self":[{"href":"https:\/\/agropartner.marketing-store.hu\/ro\/wp-json\/wp\/v2\/product\/32139","targetHints":{"allow":["GET"]}}],"collection":[{"href":"https:\/\/agropartner.marketing-store.hu\/ro\/wp-json\/wp\/v2\/product"}],"about":[{"href":"https:\/\/agropartner.marketing-store.hu\/ro\/wp-json\/wp\/v2\/types\/product"}],"replies":[{"embeddable":true,"href":"https:\/\/agropartner.marketing-store.hu\/ro\/wp-json\/wp\/v2\/comments?post=32139"}],"wp:featuredmedia":[{"embeddable":true,"href":"https:\/\/agropartner.marketing-store.hu\/ro\/wp-json\/wp\/v2\/media\/32182"}],"wp:attachment":[{"href":"https:\/\/agropartner.marketing-store.hu\/ro\/wp-json\/wp\/v2\/media?parent=32139"}],"wp:term":[{"taxonomy":"product_brand","embeddable":true,"href":"https:\/\/agropartner.marketing-store.hu\/ro\/wp-json\/wp\/v2\/product_brand?post=32139"},{"taxonomy":"product_cat","embeddable":true,"href":"https:\/\/agropartner.marketing-store.hu\/ro\/wp-json\/wp\/v2\/product_cat?post=32139"},{"taxonomy":"product_tag","embeddable":true,"href":"https:\/\/agropartner.marketing-store.hu\/ro\/wp-json\/wp\/v2\/product_tag?post=32139"}],"curies":[{"name":"wp","href":"https:\/\/api.w.org\/{rel}","templated":true}]}}