{"id":32018,"date":"2025-05-21T11:02:56","date_gmt":"2025-05-21T09:02:56","guid":{"rendered":"https:\/\/agropartner.marketing-store.hu\/?post_type=product&#038;p=32018"},"modified":"2025-05-21T11:02:57","modified_gmt":"2025-05-21T09:02:57","slug":"new-holland-tm190-traktor","status":"publish","type":"product","link":"https:\/\/agropartner.marketing-store.hu\/ro\/termek\/new-holland-tm190-traktor\/","title":{"rendered":"New Holland TM190 traktor"},"content":{"rendered":"","protected":false},"excerpt":{"rendered":"<p>PowerCommand (Powershift) 18\/6 sebess\u00e9gv\u00e1lt\u00f3, 40km\/h, 7,5 literes 40 \u00fczem\u00f3r\u00e1s fel\u00faj\u00edtott CNH motor, f\u00fclkerug\u00f3z\u00e1s, l\u00e9gf\u00e9k, 4 p\u00e1r hidraulika k\u00f6r, Joystick, h\u00e1ts\u00f3 ikerker\u00e9k szettel<\/p>\n","protected":false},"featured_media":32019,"comment_status":"open","ping_status":"closed","template":"","meta":{"_acf_changed":false},"product_brand":[],"product_cat":[39],"product_tag":[],"class_list":{"0":"post-32018","1":"product","2":"type-product","3":"status-publish","4":"has-post-thumbnail","6":"product_cat-traktor","8":"first","9":"instock","10":"shipping-taxable","11":"purchasable","12":"product-type-simple"},"acf":[],"_links":{"self":[{"href":"https:\/\/agropartner.marketing-store.hu\/ro\/wp-json\/wp\/v2\/product\/32018","targetHints":{"allow":["GET"]}}],"collection":[{"href":"https:\/\/agropartner.marketing-store.hu\/ro\/wp-json\/wp\/v2\/product"}],"about":[{"href":"https:\/\/agropartner.marketing-store.hu\/ro\/wp-json\/wp\/v2\/types\/product"}],"replies":[{"embeddable":true,"href":"https:\/\/agropartner.marketing-store.hu\/ro\/wp-json\/wp\/v2\/comments?post=32018"}],"wp:featuredmedia":[{"embeddable":true,"href":"https:\/\/agropartner.marketing-store.hu\/ro\/wp-json\/wp\/v2\/media\/32019"}],"wp:attachment":[{"href":"https:\/\/agropartner.marketing-store.hu\/ro\/wp-json\/wp\/v2\/media?parent=32018"}],"wp:term":[{"taxonomy":"product_brand","embeddable":true,"href":"https:\/\/agropartner.marketing-store.hu\/ro\/wp-json\/wp\/v2\/product_brand?post=32018"},{"taxonomy":"product_cat","embeddable":true,"href":"https:\/\/agropartner.marketing-store.hu\/ro\/wp-json\/wp\/v2\/product_cat?post=32018"},{"taxonomy":"product_tag","embeddable":true,"href":"https:\/\/agropartner.marketing-store.hu\/ro\/wp-json\/wp\/v2\/product_tag?post=32018"}],"curies":[{"name":"wp","href":"https:\/\/api.w.org\/{rel}","templated":true}]}}