{"id":31896,"date":"2025-05-21T10:34:43","date_gmt":"2025-05-21T08:34:43","guid":{"rendered":"https:\/\/agropartner.marketing-store.hu\/?post_type=product&#038;p=31896"},"modified":"2025-05-21T10:34:43","modified_gmt":"2025-05-21T08:34:43","slug":"fendt-936-vario-profi-traktor","status":"publish","type":"product","link":"https:\/\/agropartner.marketing-store.hu\/ro\/termek\/fendt-936-vario-profi-traktor\/","title":{"rendered":"Fendt 936 Vario Profi traktor"},"content":{"rendered":"","protected":false},"excerpt":{"rendered":"<p>Magasan felszerelt magyarorsz\u00e1gi traktor, els\u0151 tulajdonost\u00f3l. Vario 50km\/h v\u00e1lt\u00f3, rug\u00f3zott h\u00edd+f\u00fclke, 1+2 k\u00f6r\u00f6s l\u00e9gf\u00e9k, Trimble AutoPilot el\u0151k\u00e9sz\u00edt\u00e9s<\/p>\n","protected":false},"featured_media":31897,"comment_status":"open","ping_status":"closed","template":"","meta":{"_acf_changed":false},"product_brand":[],"product_cat":[39],"product_tag":[],"class_list":{"0":"post-31896","1":"product","2":"type-product","3":"status-publish","4":"has-post-thumbnail","6":"product_cat-traktor","8":"first","9":"instock","10":"shipping-taxable","11":"purchasable","12":"product-type-simple"},"acf":[],"_links":{"self":[{"href":"https:\/\/agropartner.marketing-store.hu\/ro\/wp-json\/wp\/v2\/product\/31896","targetHints":{"allow":["GET"]}}],"collection":[{"href":"https:\/\/agropartner.marketing-store.hu\/ro\/wp-json\/wp\/v2\/product"}],"about":[{"href":"https:\/\/agropartner.marketing-store.hu\/ro\/wp-json\/wp\/v2\/types\/product"}],"replies":[{"embeddable":true,"href":"https:\/\/agropartner.marketing-store.hu\/ro\/wp-json\/wp\/v2\/comments?post=31896"}],"wp:featuredmedia":[{"embeddable":true,"href":"https:\/\/agropartner.marketing-store.hu\/ro\/wp-json\/wp\/v2\/media\/31897"}],"wp:attachment":[{"href":"https:\/\/agropartner.marketing-store.hu\/ro\/wp-json\/wp\/v2\/media?parent=31896"}],"wp:term":[{"taxonomy":"product_brand","embeddable":true,"href":"https:\/\/agropartner.marketing-store.hu\/ro\/wp-json\/wp\/v2\/product_brand?post=31896"},{"taxonomy":"product_cat","embeddable":true,"href":"https:\/\/agropartner.marketing-store.hu\/ro\/wp-json\/wp\/v2\/product_cat?post=31896"},{"taxonomy":"product_tag","embeddable":true,"href":"https:\/\/agropartner.marketing-store.hu\/ro\/wp-json\/wp\/v2\/product_tag?post=31896"}],"curies":[{"name":"wp","href":"https:\/\/api.w.org\/{rel}","templated":true}]}}