{"id":31142,"date":"2025-05-20T13:48:14","date_gmt":"2025-05-20T11:48:14","guid":{"rendered":"https:\/\/agropartner.marketing-store.hu\/?post_type=product&#038;p=31142"},"modified":"2025-05-20T13:48:14","modified_gmt":"2025-05-20T11:48:14","slug":"john-deere-t660i-4wd-kombajn","status":"publish","type":"product","link":"https:\/\/agropartner.marketing-store.hu\/ro\/termek\/john-deere-t660i-4wd-kombajn\/","title":{"rendered":"John Deere T660i 4WD komb\u00e1jn"},"content":{"rendered":"","protected":false},"excerpt":{"rendered":"<p>6 l\u00e1d\u00e1s, 625X (7,6m) v\u00e1g\u00f3asztal+kocsi, 4 WD \u00f6sszker\u00e9khajt\u00e1s, 9000 literes magtart\u00e1ly, doblass\u00edt\u00f3, hozam \u00e9s nedvess\u00e9gm\u00e9r\u0151, AutoTrac SF2 jellel, SF 6000 antenna<\/p>\n","protected":false},"featured_media":31143,"comment_status":"open","ping_status":"closed","template":"","meta":{"_acf_changed":false},"product_brand":[],"product_cat":[35],"product_tag":[],"class_list":{"0":"post-31142","1":"product","2":"type-product","3":"status-publish","4":"has-post-thumbnail","6":"product_cat-kombajn","8":"first","9":"instock","10":"shipping-taxable","11":"product-type-simple"},"acf":[],"_links":{"self":[{"href":"https:\/\/agropartner.marketing-store.hu\/ro\/wp-json\/wp\/v2\/product\/31142","targetHints":{"allow":["GET"]}}],"collection":[{"href":"https:\/\/agropartner.marketing-store.hu\/ro\/wp-json\/wp\/v2\/product"}],"about":[{"href":"https:\/\/agropartner.marketing-store.hu\/ro\/wp-json\/wp\/v2\/types\/product"}],"replies":[{"embeddable":true,"href":"https:\/\/agropartner.marketing-store.hu\/ro\/wp-json\/wp\/v2\/comments?post=31142"}],"wp:featuredmedia":[{"embeddable":true,"href":"https:\/\/agropartner.marketing-store.hu\/ro\/wp-json\/wp\/v2\/media\/31143"}],"wp:attachment":[{"href":"https:\/\/agropartner.marketing-store.hu\/ro\/wp-json\/wp\/v2\/media?parent=31142"}],"wp:term":[{"taxonomy":"product_brand","embeddable":true,"href":"https:\/\/agropartner.marketing-store.hu\/ro\/wp-json\/wp\/v2\/product_brand?post=31142"},{"taxonomy":"product_cat","embeddable":true,"href":"https:\/\/agropartner.marketing-store.hu\/ro\/wp-json\/wp\/v2\/product_cat?post=31142"},{"taxonomy":"product_tag","embeddable":true,"href":"https:\/\/agropartner.marketing-store.hu\/ro\/wp-json\/wp\/v2\/product_tag?post=31142"}],"curies":[{"name":"wp","href":"https:\/\/api.w.org\/{rel}","templated":true}]}}