{"id":30900,"date":"2025-05-20T13:05:16","date_gmt":"2025-05-20T11:05:16","guid":{"rendered":"https:\/\/agropartner.marketing-store.hu\/?post_type=product&#038;p=30900"},"modified":"2025-07-04T08:39:20","modified_gmt":"2025-07-04T06:39:20","slug":"john-deere-w650-kombajn","status":"publish","type":"product","link":"https:\/\/agropartner.marketing-store.hu\/ro\/termek\/john-deere-w650-kombajn\/","title":{"rendered":"John Deere W650 komb\u00e1jn"},"content":{"rendered":"","protected":false},"excerpt":{"rendered":"<p>6 l\u00e1d\u00e1s, 9 literes motor, doblass\u00edt\u00f3, JD 620R (6,1m) v\u00e1g\u00f3asztal + sz\u00e1ll\u00edt\u00f3kocsi, szecsk\u00e1z\u00f3, Michelin gumiz\u00e1s, piros rendsz\u00e1m<\/p>\n","protected":false},"featured_media":30901,"comment_status":"open","ping_status":"closed","template":"","meta":{"_acf_changed":false},"product_brand":[],"product_cat":[35],"product_tag":[],"class_list":{"0":"post-30900","1":"product","2":"type-product","3":"status-publish","4":"has-post-thumbnail","6":"product_cat-kombajn","8":"first","9":"instock","10":"shipping-taxable","11":"purchasable","12":"product-type-simple"},"acf":[],"_links":{"self":[{"href":"https:\/\/agropartner.marketing-store.hu\/ro\/wp-json\/wp\/v2\/product\/30900","targetHints":{"allow":["GET"]}}],"collection":[{"href":"https:\/\/agropartner.marketing-store.hu\/ro\/wp-json\/wp\/v2\/product"}],"about":[{"href":"https:\/\/agropartner.marketing-store.hu\/ro\/wp-json\/wp\/v2\/types\/product"}],"replies":[{"embeddable":true,"href":"https:\/\/agropartner.marketing-store.hu\/ro\/wp-json\/wp\/v2\/comments?post=30900"}],"wp:featuredmedia":[{"embeddable":true,"href":"https:\/\/agropartner.marketing-store.hu\/ro\/wp-json\/wp\/v2\/media\/30901"}],"wp:attachment":[{"href":"https:\/\/agropartner.marketing-store.hu\/ro\/wp-json\/wp\/v2\/media?parent=30900"}],"wp:term":[{"taxonomy":"product_brand","embeddable":true,"href":"https:\/\/agropartner.marketing-store.hu\/ro\/wp-json\/wp\/v2\/product_brand?post=30900"},{"taxonomy":"product_cat","embeddable":true,"href":"https:\/\/agropartner.marketing-store.hu\/ro\/wp-json\/wp\/v2\/product_cat?post=30900"},{"taxonomy":"product_tag","embeddable":true,"href":"https:\/\/agropartner.marketing-store.hu\/ro\/wp-json\/wp\/v2\/product_tag?post=30900"}],"curies":[{"name":"wp","href":"https:\/\/api.w.org\/{rel}","templated":true}]}}