{"id":30658,"date":"2025-05-20T11:55:40","date_gmt":"2025-05-20T09:55:40","guid":{"rendered":"https:\/\/agropartner.marketing-store.hu\/?post_type=product&#038;p=30658"},"modified":"2025-05-27T14:26:12","modified_gmt":"2025-05-27T12:26:12","slug":"claas-lexion-6800-cemos-kombajn","status":"publish","type":"product","link":"https:\/\/agropartner.marketing-store.hu\/ro\/termek\/claas-lexion-6800-cemos-kombajn\/","title":{"rendered":"Claas Lexion 6800 CEMOS komb\u00e1jn"},"content":{"rendered":"","protected":false},"excerpt":{"rendered":"<p>\u201e\u00c1FA MENTESEN\u201d megv\u00e1s\u00e1rolhat\u00f3! 2022-es gy\u00e1rt\u00e1s, Mercedes-Benz OM470 LA motor, 30km\/h, CEMOS, APS cs\u00e9pl\u0151rendszer, Vario 930 gabonaasztal sz\u00e1ll\u00edt\u00f3kocsival<\/p>\n","protected":false},"featured_media":30659,"comment_status":"open","ping_status":"closed","template":"","meta":{"_acf_changed":false},"product_brand":[],"product_cat":[35],"product_tag":[],"class_list":{"0":"post-30658","1":"product","2":"type-product","3":"status-publish","4":"has-post-thumbnail","6":"product_cat-kombajn","8":"first","9":"instock","10":"shipping-taxable","11":"purchasable","12":"product-type-simple"},"acf":[],"_links":{"self":[{"href":"https:\/\/agropartner.marketing-store.hu\/ro\/wp-json\/wp\/v2\/product\/30658","targetHints":{"allow":["GET"]}}],"collection":[{"href":"https:\/\/agropartner.marketing-store.hu\/ro\/wp-json\/wp\/v2\/product"}],"about":[{"href":"https:\/\/agropartner.marketing-store.hu\/ro\/wp-json\/wp\/v2\/types\/product"}],"replies":[{"embeddable":true,"href":"https:\/\/agropartner.marketing-store.hu\/ro\/wp-json\/wp\/v2\/comments?post=30658"}],"wp:featuredmedia":[{"embeddable":true,"href":"https:\/\/agropartner.marketing-store.hu\/ro\/wp-json\/wp\/v2\/media\/30659"}],"wp:attachment":[{"href":"https:\/\/agropartner.marketing-store.hu\/ro\/wp-json\/wp\/v2\/media?parent=30658"}],"wp:term":[{"taxonomy":"product_brand","embeddable":true,"href":"https:\/\/agropartner.marketing-store.hu\/ro\/wp-json\/wp\/v2\/product_brand?post=30658"},{"taxonomy":"product_cat","embeddable":true,"href":"https:\/\/agropartner.marketing-store.hu\/ro\/wp-json\/wp\/v2\/product_cat?post=30658"},{"taxonomy":"product_tag","embeddable":true,"href":"https:\/\/agropartner.marketing-store.hu\/ro\/wp-json\/wp\/v2\/product_tag?post=30658"}],"curies":[{"name":"wp","href":"https:\/\/api.w.org\/{rel}","templated":true}]}}