{"id":30540,"date":"2025-05-20T11:48:06","date_gmt":"2025-05-20T09:48:06","guid":{"rendered":"https:\/\/agropartner.marketing-store.hu\/?post_type=product&#038;p=30540"},"modified":"2025-07-04T08:42:59","modified_gmt":"2025-07-04T06:42:59","slug":"claas-lexion-780tt-kombajn","status":"publish","type":"product","link":"https:\/\/agropartner.marketing-store.hu\/ro\/termek\/claas-lexion-780tt-kombajn\/","title":{"rendered":"Claas Lexion 780TT komb\u00e1jn"},"content":{"rendered":"","protected":false},"excerpt":{"rendered":"<p>\u201e\u00c1FA MENTESEN\u201d megv\u00e1s\u00e1rolhat\u00f3! 2017-es gy\u00e1rt\u00e1s, Mercedes-Benz OM473 LA motor, 30km\/h, 4D CLEANING, CEMOS, hevederes, APS cs\u00e9pl\u0151rendszer, VARIO 1200 asztal+sz\u00e1ll\u00edt\u00f3kocsi<\/p>\n","protected":false},"featured_media":30541,"comment_status":"open","ping_status":"closed","template":"","meta":{"_acf_changed":false},"product_brand":[],"product_cat":[35],"product_tag":[],"class_list":{"0":"post-30540","1":"product","2":"type-product","3":"status-publish","4":"has-post-thumbnail","6":"product_cat-kombajn","8":"first","9":"instock","10":"shipping-taxable","11":"purchasable","12":"product-type-simple"},"acf":[],"_links":{"self":[{"href":"https:\/\/agropartner.marketing-store.hu\/ro\/wp-json\/wp\/v2\/product\/30540","targetHints":{"allow":["GET"]}}],"collection":[{"href":"https:\/\/agropartner.marketing-store.hu\/ro\/wp-json\/wp\/v2\/product"}],"about":[{"href":"https:\/\/agropartner.marketing-store.hu\/ro\/wp-json\/wp\/v2\/types\/product"}],"replies":[{"embeddable":true,"href":"https:\/\/agropartner.marketing-store.hu\/ro\/wp-json\/wp\/v2\/comments?post=30540"}],"wp:featuredmedia":[{"embeddable":true,"href":"https:\/\/agropartner.marketing-store.hu\/ro\/wp-json\/wp\/v2\/media\/30541"}],"wp:attachment":[{"href":"https:\/\/agropartner.marketing-store.hu\/ro\/wp-json\/wp\/v2\/media?parent=30540"}],"wp:term":[{"taxonomy":"product_brand","embeddable":true,"href":"https:\/\/agropartner.marketing-store.hu\/ro\/wp-json\/wp\/v2\/product_brand?post=30540"},{"taxonomy":"product_cat","embeddable":true,"href":"https:\/\/agropartner.marketing-store.hu\/ro\/wp-json\/wp\/v2\/product_cat?post=30540"},{"taxonomy":"product_tag","embeddable":true,"href":"https:\/\/agropartner.marketing-store.hu\/ro\/wp-json\/wp\/v2\/product_tag?post=30540"}],"curies":[{"name":"wp","href":"https:\/\/api.w.org\/{rel}","templated":true}]}}