{"id":30517,"date":"2025-05-20T11:37:38","date_gmt":"2025-05-20T09:37:38","guid":{"rendered":"https:\/\/agropartner.marketing-store.hu\/?post_type=product&#038;p=30517"},"modified":"2025-07-04T08:47:49","modified_gmt":"2025-07-04T06:47:49","slug":"claas-lexion-770tt-kombajn","status":"publish","type":"product","link":"https:\/\/agropartner.marketing-store.hu\/ro\/termek\/claas-lexion-770tt-kombajn\/","title":{"rendered":"Claas Lexion 770TT komb\u00e1jn"},"content":{"rendered":"","protected":false},"excerpt":{"rendered":"<p>\u201e\u00c1FA MENTESEN\u201d megv\u00e1s\u00e1rolhat\u00f3! Mercedes-Benz OM473 LA motor, FULL CEMOS, 4D CLEANING, APS HYBRID cs\u00e9pl\u0151rendszer, 12.3m-es Convio Flex gabonaasztal sz\u00e1ll\u00edt\u00f3kocsival<\/p>\n","protected":false},"featured_media":30519,"comment_status":"open","ping_status":"closed","template":"","meta":{"_acf_changed":false},"product_brand":[],"product_cat":[35],"product_tag":[],"class_list":{"0":"post-30517","1":"product","2":"type-product","3":"status-publish","4":"has-post-thumbnail","6":"product_cat-kombajn","8":"first","9":"instock","10":"shipping-taxable","11":"purchasable","12":"product-type-simple"},"acf":[],"_links":{"self":[{"href":"https:\/\/agropartner.marketing-store.hu\/ro\/wp-json\/wp\/v2\/product\/30517","targetHints":{"allow":["GET"]}}],"collection":[{"href":"https:\/\/agropartner.marketing-store.hu\/ro\/wp-json\/wp\/v2\/product"}],"about":[{"href":"https:\/\/agropartner.marketing-store.hu\/ro\/wp-json\/wp\/v2\/types\/product"}],"replies":[{"embeddable":true,"href":"https:\/\/agropartner.marketing-store.hu\/ro\/wp-json\/wp\/v2\/comments?post=30517"}],"wp:featuredmedia":[{"embeddable":true,"href":"https:\/\/agropartner.marketing-store.hu\/ro\/wp-json\/wp\/v2\/media\/30519"}],"wp:attachment":[{"href":"https:\/\/agropartner.marketing-store.hu\/ro\/wp-json\/wp\/v2\/media?parent=30517"}],"wp:term":[{"taxonomy":"product_brand","embeddable":true,"href":"https:\/\/agropartner.marketing-store.hu\/ro\/wp-json\/wp\/v2\/product_brand?post=30517"},{"taxonomy":"product_cat","embeddable":true,"href":"https:\/\/agropartner.marketing-store.hu\/ro\/wp-json\/wp\/v2\/product_cat?post=30517"},{"taxonomy":"product_tag","embeddable":true,"href":"https:\/\/agropartner.marketing-store.hu\/ro\/wp-json\/wp\/v2\/product_tag?post=30517"}],"curies":[{"name":"wp","href":"https:\/\/api.w.org\/{rel}","templated":true}]}}