{"id":29891,"date":"2025-05-20T09:21:55","date_gmt":"2025-05-20T07:21:55","guid":{"rendered":"https:\/\/agropartner.marketing-store.hu\/?post_type=product&#038;p=29891"},"modified":"2025-05-26T08:32:26","modified_gmt":"2025-05-26T06:32:26","slug":"new-holland-cx8-80-kombajn","status":"publish","type":"product","link":"https:\/\/agropartner.marketing-store.hu\/ro\/termek\/new-holland-cx8-80-kombajn\/","title":{"rendered":"New Holland CX8.80 komb\u00e1jn"},"content":{"rendered":"","protected":false},"excerpt":{"rendered":"<p>6 l\u00e1d\u00e1s, IVECO Cursor 9 motor, 7,6m-es VariFeed asztal + kocsi, IntelliView IV sz\u00ednes monitor, 11.500 literes magtart\u00e1ly, szecsk\u00e1z\u00f3, pelyvater\u00edt\u0151, 900-as Michelin gumi<\/p>\n","protected":false},"featured_media":29892,"comment_status":"open","ping_status":"closed","template":"","meta":{"_acf_changed":false},"product_brand":[],"product_cat":[35],"product_tag":[],"class_list":{"0":"post-29891","1":"product","2":"type-product","3":"status-publish","4":"has-post-thumbnail","6":"product_cat-kombajn","8":"first","9":"instock","10":"shipping-taxable","11":"purchasable","12":"product-type-simple"},"acf":[],"_links":{"self":[{"href":"https:\/\/agropartner.marketing-store.hu\/ro\/wp-json\/wp\/v2\/product\/29891","targetHints":{"allow":["GET"]}}],"collection":[{"href":"https:\/\/agropartner.marketing-store.hu\/ro\/wp-json\/wp\/v2\/product"}],"about":[{"href":"https:\/\/agropartner.marketing-store.hu\/ro\/wp-json\/wp\/v2\/types\/product"}],"replies":[{"embeddable":true,"href":"https:\/\/agropartner.marketing-store.hu\/ro\/wp-json\/wp\/v2\/comments?post=29891"}],"wp:featuredmedia":[{"embeddable":true,"href":"https:\/\/agropartner.marketing-store.hu\/ro\/wp-json\/wp\/v2\/media\/29892"}],"wp:attachment":[{"href":"https:\/\/agropartner.marketing-store.hu\/ro\/wp-json\/wp\/v2\/media?parent=29891"}],"wp:term":[{"taxonomy":"product_brand","embeddable":true,"href":"https:\/\/agropartner.marketing-store.hu\/ro\/wp-json\/wp\/v2\/product_brand?post=29891"},{"taxonomy":"product_cat","embeddable":true,"href":"https:\/\/agropartner.marketing-store.hu\/ro\/wp-json\/wp\/v2\/product_cat?post=29891"},{"taxonomy":"product_tag","embeddable":true,"href":"https:\/\/agropartner.marketing-store.hu\/ro\/wp-json\/wp\/v2\/product_tag?post=29891"}],"curies":[{"name":"wp","href":"https:\/\/api.w.org\/{rel}","templated":true}]}}