{"id":29528,"date":"2025-05-20T08:54:32","date_gmt":"2025-05-20T06:54:32","guid":{"rendered":"https:\/\/agropartner.marketing-store.hu\/?post_type=product&#038;p=29528"},"modified":"2025-05-20T08:54:33","modified_gmt":"2025-05-20T06:54:33","slug":"ropa-euro-tiger-cukorrepa-kombajn-2","status":"publish","type":"product","link":"https:\/\/agropartner.marketing-store.hu\/ro\/termek\/ropa-euro-tiger-cukorrepa-kombajn-2\/","title":{"rendered":"Ropa Euro Tiger cukorr\u00e9pa komb\u00e1jn"},"content":{"rendered":"","protected":false},"excerpt":{"rendered":"<p>500 Le-s MAN motor, 6 soros betakar\u00edt\u00f3 adapter FIX 45 cm sort\u00e1vval, 3 korm\u00e1nyz\u00e1si m\u00f3d, automata sork\u00f6vet\u0151, automata zs\u00edrz\u00f3, l\u00e9gkompresszor, rendsz\u00e1m!<\/p>\n","protected":false},"featured_media":29529,"comment_status":"open","ping_status":"closed","template":"","meta":{"_acf_changed":false},"product_brand":[],"product_cat":[35],"product_tag":[],"class_list":{"0":"post-29528","1":"product","2":"type-product","3":"status-publish","4":"has-post-thumbnail","6":"product_cat-kombajn","8":"first","9":"instock","10":"shipping-taxable","11":"purchasable","12":"product-type-simple"},"acf":[],"_links":{"self":[{"href":"https:\/\/agropartner.marketing-store.hu\/ro\/wp-json\/wp\/v2\/product\/29528","targetHints":{"allow":["GET"]}}],"collection":[{"href":"https:\/\/agropartner.marketing-store.hu\/ro\/wp-json\/wp\/v2\/product"}],"about":[{"href":"https:\/\/agropartner.marketing-store.hu\/ro\/wp-json\/wp\/v2\/types\/product"}],"replies":[{"embeddable":true,"href":"https:\/\/agropartner.marketing-store.hu\/ro\/wp-json\/wp\/v2\/comments?post=29528"}],"wp:featuredmedia":[{"embeddable":true,"href":"https:\/\/agropartner.marketing-store.hu\/ro\/wp-json\/wp\/v2\/media\/29529"}],"wp:attachment":[{"href":"https:\/\/agropartner.marketing-store.hu\/ro\/wp-json\/wp\/v2\/media?parent=29528"}],"wp:term":[{"taxonomy":"product_brand","embeddable":true,"href":"https:\/\/agropartner.marketing-store.hu\/ro\/wp-json\/wp\/v2\/product_brand?post=29528"},{"taxonomy":"product_cat","embeddable":true,"href":"https:\/\/agropartner.marketing-store.hu\/ro\/wp-json\/wp\/v2\/product_cat?post=29528"},{"taxonomy":"product_tag","embeddable":true,"href":"https:\/\/agropartner.marketing-store.hu\/ro\/wp-json\/wp\/v2\/product_tag?post=29528"}],"curies":[{"name":"wp","href":"https:\/\/api.w.org\/{rel}","templated":true}]}}