{"id":28984,"date":"2025-05-15T11:31:29","date_gmt":"2025-05-15T09:31:29","guid":{"rendered":"https:\/\/agropartner.marketing-store.hu\/?post_type=product&#038;p=28984"},"modified":"2025-05-15T11:31:29","modified_gmt":"2025-05-15T09:31:29","slug":"kuhn-lsb-1290-d-nagysurusegu-balazo","status":"publish","type":"product","link":"https:\/\/agropartner.marketing-store.hu\/ro\/termek\/kuhn-lsb-1290-d-nagysurusegu-balazo\/","title":{"rendered":"Kuhn LSB 1290 D nagys\u0171r\u0171s\u00e9g\u0171 b\u00e1l\u00e1z\u00f3"},"content":{"rendered":"","protected":false},"excerpt":{"rendered":"<p>K\u00f6zponti zs\u00edrz\u00f3, els\u0151 gazd\u00e1s, ISOBUS, LED munkal\u00e1mpa, K80, tolat\u00f3kamera, 560-as Vredestein gumiz\u00e1s<\/p>\n","protected":false},"featured_media":28985,"comment_status":"open","ping_status":"closed","template":"","meta":{"_acf_changed":false},"product_brand":[],"product_cat":[73],"product_tag":[],"class_list":{"0":"post-28984","1":"product","2":"type-product","3":"status-publish","4":"has-post-thumbnail","6":"product_cat-balazo","8":"first","9":"instock","10":"shipping-taxable","11":"purchasable","12":"product-type-simple"},"acf":[],"_links":{"self":[{"href":"https:\/\/agropartner.marketing-store.hu\/ro\/wp-json\/wp\/v2\/product\/28984","targetHints":{"allow":["GET"]}}],"collection":[{"href":"https:\/\/agropartner.marketing-store.hu\/ro\/wp-json\/wp\/v2\/product"}],"about":[{"href":"https:\/\/agropartner.marketing-store.hu\/ro\/wp-json\/wp\/v2\/types\/product"}],"replies":[{"embeddable":true,"href":"https:\/\/agropartner.marketing-store.hu\/ro\/wp-json\/wp\/v2\/comments?post=28984"}],"wp:featuredmedia":[{"embeddable":true,"href":"https:\/\/agropartner.marketing-store.hu\/ro\/wp-json\/wp\/v2\/media\/28985"}],"wp:attachment":[{"href":"https:\/\/agropartner.marketing-store.hu\/ro\/wp-json\/wp\/v2\/media?parent=28984"}],"wp:term":[{"taxonomy":"product_brand","embeddable":true,"href":"https:\/\/agropartner.marketing-store.hu\/ro\/wp-json\/wp\/v2\/product_brand?post=28984"},{"taxonomy":"product_cat","embeddable":true,"href":"https:\/\/agropartner.marketing-store.hu\/ro\/wp-json\/wp\/v2\/product_cat?post=28984"},{"taxonomy":"product_tag","embeddable":true,"href":"https:\/\/agropartner.marketing-store.hu\/ro\/wp-json\/wp\/v2\/product_tag?post=28984"}],"curies":[{"name":"wp","href":"https:\/\/api.w.org\/{rel}","templated":true}]}}