{"id":28863,"date":"2025-05-15T11:25:31","date_gmt":"2025-05-15T09:25:31","guid":{"rendered":"https:\/\/agropartner.marketing-store.hu\/?post_type=product&#038;p=28863"},"modified":"2025-05-15T11:25:31","modified_gmt":"2025-05-15T09:25:31","slug":"marcrest-5250p-balazo","status":"publish","type":"product","link":"https:\/\/agropartner.marketing-store.hu\/ro\/termek\/marcrest-5250p-balazo\/","title":{"rendered":"Marcrest 5250P b\u00e1l\u00e1z\u00f3"},"content":{"rendered":"","protected":false},"excerpt":{"rendered":"<p>L\u00cdZINGRE IS, AK\u00c1R 10%+\u00c1FA \u00d6NER\u0150VEL! 2019-as, 2512 b\u00e1la, els\u0151 gazd\u00e1s, ISOBUS, zs\u00edr mentes csapok \u00e9s kompozit perselyek, als\u00f3 b\u00e1lafelszed\u0151<\/p>\n","protected":false},"featured_media":28885,"comment_status":"open","ping_status":"closed","template":"","meta":{"_acf_changed":false},"product_brand":[],"product_cat":[73],"product_tag":[],"class_list":{"0":"post-28863","1":"product","2":"type-product","3":"status-publish","4":"has-post-thumbnail","6":"product_cat-balazo","8":"first","9":"instock","10":"shipping-taxable","11":"purchasable","12":"product-type-simple"},"acf":[],"_links":{"self":[{"href":"https:\/\/agropartner.marketing-store.hu\/ro\/wp-json\/wp\/v2\/product\/28863","targetHints":{"allow":["GET"]}}],"collection":[{"href":"https:\/\/agropartner.marketing-store.hu\/ro\/wp-json\/wp\/v2\/product"}],"about":[{"href":"https:\/\/agropartner.marketing-store.hu\/ro\/wp-json\/wp\/v2\/types\/product"}],"replies":[{"embeddable":true,"href":"https:\/\/agropartner.marketing-store.hu\/ro\/wp-json\/wp\/v2\/comments?post=28863"}],"wp:featuredmedia":[{"embeddable":true,"href":"https:\/\/agropartner.marketing-store.hu\/ro\/wp-json\/wp\/v2\/media\/28885"}],"wp:attachment":[{"href":"https:\/\/agropartner.marketing-store.hu\/ro\/wp-json\/wp\/v2\/media?parent=28863"}],"wp:term":[{"taxonomy":"product_brand","embeddable":true,"href":"https:\/\/agropartner.marketing-store.hu\/ro\/wp-json\/wp\/v2\/product_brand?post=28863"},{"taxonomy":"product_cat","embeddable":true,"href":"https:\/\/agropartner.marketing-store.hu\/ro\/wp-json\/wp\/v2\/product_cat?post=28863"},{"taxonomy":"product_tag","embeddable":true,"href":"https:\/\/agropartner.marketing-store.hu\/ro\/wp-json\/wp\/v2\/product_tag?post=28863"}],"curies":[{"name":"wp","href":"https:\/\/api.w.org\/{rel}","templated":true}]}}