{"id":28621,"date":"2025-05-15T10:45:23","date_gmt":"2025-05-15T08:45:23","guid":{"rendered":"https:\/\/agropartner.marketing-store.hu\/?post_type=product&#038;p=28621"},"modified":"2025-05-15T10:46:03","modified_gmt":"2025-05-15T08:46:03","slug":"fliegl-bala-bonto-es-beszoro-kanal","status":"publish","type":"product","link":"https:\/\/agropartner.marketing-store.hu\/ro\/termek\/fliegl-bala-bonto-es-beszoro-kanal\/","title":{"rendered":"Fliegl b\u00e1la bont\u00f3 \u00e9s besz\u00f3r\u00f3 kan\u00e1l"},"content":{"rendered":"","protected":false},"excerpt":{"rendered":"<p>2025-\u00f6s gy\u00e1rt\u00e1s, Merlo felfogat\u00e1s, felszerelhet\u0151 r\u00e1cs a besz\u00f3r\u00f3 kan\u00e1lhoz, kan\u00e1lhosszabb\u00edt\u00e1s, \u00faj \u00e1llapot, csak kipr\u00f3b\u00e1lva volt<\/p>\n","protected":false},"featured_media":28622,"comment_status":"open","ping_status":"closed","template":"","meta":{"_acf_changed":false},"product_brand":[],"product_cat":[28],"product_tag":[],"class_list":{"0":"post-28621","1":"product","2":"type-product","3":"status-publish","4":"has-post-thumbnail","6":"product_cat-munkagepek","8":"first","9":"instock","10":"shipping-taxable","11":"purchasable","12":"product-type-simple"},"acf":[],"_links":{"self":[{"href":"https:\/\/agropartner.marketing-store.hu\/ro\/wp-json\/wp\/v2\/product\/28621","targetHints":{"allow":["GET"]}}],"collection":[{"href":"https:\/\/agropartner.marketing-store.hu\/ro\/wp-json\/wp\/v2\/product"}],"about":[{"href":"https:\/\/agropartner.marketing-store.hu\/ro\/wp-json\/wp\/v2\/types\/product"}],"replies":[{"embeddable":true,"href":"https:\/\/agropartner.marketing-store.hu\/ro\/wp-json\/wp\/v2\/comments?post=28621"}],"wp:featuredmedia":[{"embeddable":true,"href":"https:\/\/agropartner.marketing-store.hu\/ro\/wp-json\/wp\/v2\/media\/28622"}],"wp:attachment":[{"href":"https:\/\/agropartner.marketing-store.hu\/ro\/wp-json\/wp\/v2\/media?parent=28621"}],"wp:term":[{"taxonomy":"product_brand","embeddable":true,"href":"https:\/\/agropartner.marketing-store.hu\/ro\/wp-json\/wp\/v2\/product_brand?post=28621"},{"taxonomy":"product_cat","embeddable":true,"href":"https:\/\/agropartner.marketing-store.hu\/ro\/wp-json\/wp\/v2\/product_cat?post=28621"},{"taxonomy":"product_tag","embeddable":true,"href":"https:\/\/agropartner.marketing-store.hu\/ro\/wp-json\/wp\/v2\/product_tag?post=28621"}],"curies":[{"name":"wp","href":"https:\/\/api.w.org\/{rel}","templated":true}]}}