{"id":28575,"date":"2025-05-15T10:40:09","date_gmt":"2025-05-15T08:40:09","guid":{"rendered":"https:\/\/agropartner.marketing-store.hu\/?post_type=product&#038;p=28575"},"modified":"2025-05-15T10:40:09","modified_gmt":"2025-05-15T08:40:09","slug":"grutech-gth-lfm2-takarmanyfelszedo-es-kioszto-kanal","status":"publish","type":"product","link":"https:\/\/agropartner.marketing-store.hu\/ro\/termek\/grutech-gth-lfm2-takarmanyfelszedo-es-kioszto-kanal\/","title":{"rendered":"Grutech GTH-LFM2 takarm\u00e1nyfelszed\u0151 \u00e9s kioszt\u00f3 kan\u00e1l"},"content":{"rendered":"","protected":false},"excerpt":{"rendered":"<p>2022-es gy\u00e1rt\u00e1s, h\u00e1rom az egyben funkci\u00f3: markol\u00e1s, kever\u00e9s, adagol\u00e1s. Cser\u00e9lhet\u0151 rozsdamentes ac\u00e9lbet\u00e9t, csillagk\u00e9sek.<\/p>\n","protected":false},"featured_media":28576,"comment_status":"open","ping_status":"closed","template":"","meta":{"_acf_changed":false},"product_brand":[],"product_cat":[28],"product_tag":[],"class_list":{"0":"post-28575","1":"product","2":"type-product","3":"status-publish","4":"has-post-thumbnail","6":"product_cat-munkagepek","8":"first","9":"instock","10":"shipping-taxable","11":"purchasable","12":"product-type-simple"},"acf":[],"_links":{"self":[{"href":"https:\/\/agropartner.marketing-store.hu\/ro\/wp-json\/wp\/v2\/product\/28575","targetHints":{"allow":["GET"]}}],"collection":[{"href":"https:\/\/agropartner.marketing-store.hu\/ro\/wp-json\/wp\/v2\/product"}],"about":[{"href":"https:\/\/agropartner.marketing-store.hu\/ro\/wp-json\/wp\/v2\/types\/product"}],"replies":[{"embeddable":true,"href":"https:\/\/agropartner.marketing-store.hu\/ro\/wp-json\/wp\/v2\/comments?post=28575"}],"wp:featuredmedia":[{"embeddable":true,"href":"https:\/\/agropartner.marketing-store.hu\/ro\/wp-json\/wp\/v2\/media\/28576"}],"wp:attachment":[{"href":"https:\/\/agropartner.marketing-store.hu\/ro\/wp-json\/wp\/v2\/media?parent=28575"}],"wp:term":[{"taxonomy":"product_brand","embeddable":true,"href":"https:\/\/agropartner.marketing-store.hu\/ro\/wp-json\/wp\/v2\/product_brand?post=28575"},{"taxonomy":"product_cat","embeddable":true,"href":"https:\/\/agropartner.marketing-store.hu\/ro\/wp-json\/wp\/v2\/product_cat?post=28575"},{"taxonomy":"product_tag","embeddable":true,"href":"https:\/\/agropartner.marketing-store.hu\/ro\/wp-json\/wp\/v2\/product_tag?post=28575"}],"curies":[{"name":"wp","href":"https:\/\/api.w.org\/{rel}","templated":true}]}}