{"id":28454,"date":"2025-05-15T10:36:05","date_gmt":"2025-05-15T08:36:05","guid":{"rendered":"https:\/\/agropartner.marketing-store.hu\/?post_type=product&#038;p=28454"},"modified":"2025-05-15T10:36:05","modified_gmt":"2025-05-15T08:36:05","slug":"amazone-ug-3000-18-nova-permetezo","status":"publish","type":"product","link":"https:\/\/agropartner.marketing-store.hu\/ro\/termek\/amazone-ug-3000-18-nova-permetezo\/","title":{"rendered":"Amazone UG 3000\/18 Nova permetez\u0151"},"content":{"rendered":"","protected":false},"excerpt":{"rendered":"<p>18 m keret, 3000 literes kever\u00e9k tart\u00e1ly, k\u00f6z\u00fati vil\u00e1g\u00edt\u00e1s ki\u00e9p\u00edt\u00e9s, SprayControl II-A monitor, felt\u00f6lt\u0151cs\u0151, mechanikus talpal\u00e1s<\/p>\n","protected":false},"featured_media":28455,"comment_status":"open","ping_status":"closed","template":"","meta":{"_acf_changed":false},"product_brand":[],"product_cat":[37],"product_tag":[],"class_list":{"0":"post-28454","1":"product","2":"type-product","3":"status-publish","4":"has-post-thumbnail","6":"product_cat-permetezo","8":"first","9":"instock","10":"shipping-taxable","11":"purchasable","12":"product-type-simple"},"acf":[],"_links":{"self":[{"href":"https:\/\/agropartner.marketing-store.hu\/ro\/wp-json\/wp\/v2\/product\/28454","targetHints":{"allow":["GET"]}}],"collection":[{"href":"https:\/\/agropartner.marketing-store.hu\/ro\/wp-json\/wp\/v2\/product"}],"about":[{"href":"https:\/\/agropartner.marketing-store.hu\/ro\/wp-json\/wp\/v2\/types\/product"}],"replies":[{"embeddable":true,"href":"https:\/\/agropartner.marketing-store.hu\/ro\/wp-json\/wp\/v2\/comments?post=28454"}],"wp:featuredmedia":[{"embeddable":true,"href":"https:\/\/agropartner.marketing-store.hu\/ro\/wp-json\/wp\/v2\/media\/28455"}],"wp:attachment":[{"href":"https:\/\/agropartner.marketing-store.hu\/ro\/wp-json\/wp\/v2\/media?parent=28454"}],"wp:term":[{"taxonomy":"product_brand","embeddable":true,"href":"https:\/\/agropartner.marketing-store.hu\/ro\/wp-json\/wp\/v2\/product_brand?post=28454"},{"taxonomy":"product_cat","embeddable":true,"href":"https:\/\/agropartner.marketing-store.hu\/ro\/wp-json\/wp\/v2\/product_cat?post=28454"},{"taxonomy":"product_tag","embeddable":true,"href":"https:\/\/agropartner.marketing-store.hu\/ro\/wp-json\/wp\/v2\/product_tag?post=28454"}],"curies":[{"name":"wp","href":"https:\/\/api.w.org\/{rel}","templated":true}]}}