{"id":28075,"date":"2025-05-15T08:43:39","date_gmt":"2025-05-15T06:43:39","guid":{"rendered":"https:\/\/agropartner.marketing-store.hu\/?post_type=product&#038;p=28075"},"modified":"2025-05-15T08:43:39","modified_gmt":"2025-05-15T06:43:39","slug":"new-holland-35v-varifeed","status":"publish","type":"product","link":"https:\/\/agropartner.marketing-store.hu\/ro\/termek\/new-holland-35v-varifeed\/","title":{"rendered":"New Holland 35V Varifeed"},"content":{"rendered":"","protected":false},"excerpt":{"rendered":"<p>Gy\u00e1rt\u00e1si \u00e9v: 2022, 10,67 m v\u00e1g\u00e1si sz\u00e9less\u00e9g, repce oldalkasz\u00e1val, New Holland felfogat\u00e1ssal!<\/p>\n","protected":false},"featured_media":28097,"comment_status":"open","ping_status":"closed","template":"","meta":{"_acf_changed":false},"product_brand":[],"product_cat":[33],"product_tag":[],"class_list":{"0":"post-28075","1":"product","2":"type-product","3":"status-publish","4":"has-post-thumbnail","6":"product_cat-vagoasztalok","8":"first","9":"instock","10":"shipping-taxable","11":"purchasable","12":"product-type-simple"},"acf":[],"_links":{"self":[{"href":"https:\/\/agropartner.marketing-store.hu\/ro\/wp-json\/wp\/v2\/product\/28075","targetHints":{"allow":["GET"]}}],"collection":[{"href":"https:\/\/agropartner.marketing-store.hu\/ro\/wp-json\/wp\/v2\/product"}],"about":[{"href":"https:\/\/agropartner.marketing-store.hu\/ro\/wp-json\/wp\/v2\/types\/product"}],"replies":[{"embeddable":true,"href":"https:\/\/agropartner.marketing-store.hu\/ro\/wp-json\/wp\/v2\/comments?post=28075"}],"wp:featuredmedia":[{"embeddable":true,"href":"https:\/\/agropartner.marketing-store.hu\/ro\/wp-json\/wp\/v2\/media\/28097"}],"wp:attachment":[{"href":"https:\/\/agropartner.marketing-store.hu\/ro\/wp-json\/wp\/v2\/media?parent=28075"}],"wp:term":[{"taxonomy":"product_brand","embeddable":true,"href":"https:\/\/agropartner.marketing-store.hu\/ro\/wp-json\/wp\/v2\/product_brand?post=28075"},{"taxonomy":"product_cat","embeddable":true,"href":"https:\/\/agropartner.marketing-store.hu\/ro\/wp-json\/wp\/v2\/product_cat?post=28075"},{"taxonomy":"product_tag","embeddable":true,"href":"https:\/\/agropartner.marketing-store.hu\/ro\/wp-json\/wp\/v2\/product_tag?post=28075"}],"curies":[{"name":"wp","href":"https:\/\/api.w.org\/{rel}","templated":true}]}}