{"id":27960,"date":"2025-05-14T15:53:38","date_gmt":"2025-05-14T13:53:38","guid":{"rendered":"https:\/\/agropartner.marketing-store.hu\/?post_type=product&#038;p=27960"},"modified":"2025-08-21T13:51:56","modified_gmt":"2025-08-21T11:51:56","slug":"opticorn-676-cs-premium","status":"publish","type":"product","link":"https:\/\/agropartner.marketing-store.hu\/ro\/termek\/opticorn-676-cs-premium\/","title":{"rendered":"OptiCorn 676 CS Premium"},"content":{"rendered":"","protected":false},"excerpt":{"rendered":"<p>6 soros csukhat\u00f3 v\u00e1zas kukorica adapter, LEXION\/TUCANO felfogat\u00e1s, sz\u00e1rz\u00faz\u00f3, 75 cm, \u00e1ll\u00edthat\u00f3 hajt\u00f3m\u0171 fordulat, 350 hekt\u00e1rt v\u00e1gott!<\/p>\n","protected":false},"featured_media":27961,"comment_status":"open","ping_status":"closed","template":"","meta":{"_acf_changed":false},"product_brand":[],"product_cat":[33],"product_tag":[],"class_list":{"0":"post-27960","1":"product","2":"type-product","3":"status-publish","4":"has-post-thumbnail","6":"product_cat-vagoasztalok","8":"first","9":"instock","10":"shipping-taxable","11":"purchasable","12":"product-type-simple"},"acf":[],"_links":{"self":[{"href":"https:\/\/agropartner.marketing-store.hu\/ro\/wp-json\/wp\/v2\/product\/27960","targetHints":{"allow":["GET"]}}],"collection":[{"href":"https:\/\/agropartner.marketing-store.hu\/ro\/wp-json\/wp\/v2\/product"}],"about":[{"href":"https:\/\/agropartner.marketing-store.hu\/ro\/wp-json\/wp\/v2\/types\/product"}],"replies":[{"embeddable":true,"href":"https:\/\/agropartner.marketing-store.hu\/ro\/wp-json\/wp\/v2\/comments?post=27960"}],"wp:featuredmedia":[{"embeddable":true,"href":"https:\/\/agropartner.marketing-store.hu\/ro\/wp-json\/wp\/v2\/media\/27961"}],"wp:attachment":[{"href":"https:\/\/agropartner.marketing-store.hu\/ro\/wp-json\/wp\/v2\/media?parent=27960"}],"wp:term":[{"taxonomy":"product_brand","embeddable":true,"href":"https:\/\/agropartner.marketing-store.hu\/ro\/wp-json\/wp\/v2\/product_brand?post=27960"},{"taxonomy":"product_cat","embeddable":true,"href":"https:\/\/agropartner.marketing-store.hu\/ro\/wp-json\/wp\/v2\/product_cat?post=27960"},{"taxonomy":"product_tag","embeddable":true,"href":"https:\/\/agropartner.marketing-store.hu\/ro\/wp-json\/wp\/v2\/product_tag?post=27960"}],"curies":[{"name":"wp","href":"https:\/\/api.w.org\/{rel}","templated":true}]}}