{"id":27899,"date":"2025-05-14T15:46:31","date_gmt":"2025-05-14T13:46:31","guid":{"rendered":"https:\/\/agropartner.marketing-store.hu\/?post_type=product&#038;p=27899"},"modified":"2025-05-14T15:46:31","modified_gmt":"2025-05-14T13:46:31","slug":"claas-conspeed-6-75c-2","status":"publish","type":"product","link":"https:\/\/agropartner.marketing-store.hu\/ro\/termek\/claas-conspeed-6-75c-2\/","title":{"rendered":"Claas Conspeed 6-75C"},"content":{"rendered":"","protected":false},"excerpt":{"rendered":"<p>6 soros fix v\u00e1zas kukorica adapter, Claas MEGA\/MEDION\/DOMINATOR felfogat\u00e1s, sz\u00e1rz\u00faz\u00f3, 75 cm sort\u00e1v, els\u0151 tulajdonost\u00f3l<\/p>\n","protected":false},"featured_media":27900,"comment_status":"open","ping_status":"closed","template":"","meta":{"_acf_changed":false},"product_brand":[],"product_cat":[33],"product_tag":[],"class_list":{"0":"post-27899","1":"product","2":"type-product","3":"status-publish","4":"has-post-thumbnail","6":"product_cat-vagoasztalok","8":"first","9":"instock","10":"shipping-taxable","11":"purchasable","12":"product-type-simple"},"acf":[],"_links":{"self":[{"href":"https:\/\/agropartner.marketing-store.hu\/ro\/wp-json\/wp\/v2\/product\/27899","targetHints":{"allow":["GET"]}}],"collection":[{"href":"https:\/\/agropartner.marketing-store.hu\/ro\/wp-json\/wp\/v2\/product"}],"about":[{"href":"https:\/\/agropartner.marketing-store.hu\/ro\/wp-json\/wp\/v2\/types\/product"}],"replies":[{"embeddable":true,"href":"https:\/\/agropartner.marketing-store.hu\/ro\/wp-json\/wp\/v2\/comments?post=27899"}],"wp:featuredmedia":[{"embeddable":true,"href":"https:\/\/agropartner.marketing-store.hu\/ro\/wp-json\/wp\/v2\/media\/27900"}],"wp:attachment":[{"href":"https:\/\/agropartner.marketing-store.hu\/ro\/wp-json\/wp\/v2\/media?parent=27899"}],"wp:term":[{"taxonomy":"product_brand","embeddable":true,"href":"https:\/\/agropartner.marketing-store.hu\/ro\/wp-json\/wp\/v2\/product_brand?post=27899"},{"taxonomy":"product_cat","embeddable":true,"href":"https:\/\/agropartner.marketing-store.hu\/ro\/wp-json\/wp\/v2\/product_cat?post=27899"},{"taxonomy":"product_tag","embeddable":true,"href":"https:\/\/agropartner.marketing-store.hu\/ro\/wp-json\/wp\/v2\/product_tag?post=27899"}],"curies":[{"name":"wp","href":"https:\/\/api.w.org\/{rel}","templated":true}]}}