{"id":27778,"date":"2025-05-14T15:41:43","date_gmt":"2025-05-14T13:41:43","guid":{"rendered":"https:\/\/agropartner.marketing-store.hu\/?post_type=product&#038;p=27778"},"modified":"2025-05-14T15:41:43","modified_gmt":"2025-05-14T13:41:43","slug":"amazone-precea-4500-2cc","status":"publish","type":"product","link":"https:\/\/agropartner.marketing-store.hu\/ro\/termek\/amazone-precea-4500-2cc\/","title":{"rendered":"Amazone Precea 4500-2CC"},"content":{"rendered":"","protected":false},"excerpt":{"rendered":"<p>Ak\u00e1r l\u00edzingre 10% + \u00c1fa \u00f6ner\u0151vel! ISOBUS, Mikr\u00f3granul\u00e1tum tart\u00e1ly, K\u00f6zponti m\u0171tr\u00e1gyatart\u00e1ly, Radar, Elektromos vet\u0151egys\u00e9gmeghajt\u00e1s, \u00fajszer\u0171 (388ha vetett)<\/p>\n","protected":false},"featured_media":27779,"comment_status":"open","ping_status":"closed","template":"","meta":{"_acf_changed":false},"product_brand":[],"product_cat":[28],"product_tag":[],"class_list":{"0":"post-27778","1":"product","2":"type-product","3":"status-publish","4":"has-post-thumbnail","6":"product_cat-munkagepek","8":"first","9":"instock","10":"shipping-taxable","11":"purchasable","12":"product-type-simple"},"acf":[],"_links":{"self":[{"href":"https:\/\/agropartner.marketing-store.hu\/ro\/wp-json\/wp\/v2\/product\/27778","targetHints":{"allow":["GET"]}}],"collection":[{"href":"https:\/\/agropartner.marketing-store.hu\/ro\/wp-json\/wp\/v2\/product"}],"about":[{"href":"https:\/\/agropartner.marketing-store.hu\/ro\/wp-json\/wp\/v2\/types\/product"}],"replies":[{"embeddable":true,"href":"https:\/\/agropartner.marketing-store.hu\/ro\/wp-json\/wp\/v2\/comments?post=27778"}],"wp:featuredmedia":[{"embeddable":true,"href":"https:\/\/agropartner.marketing-store.hu\/ro\/wp-json\/wp\/v2\/media\/27779"}],"wp:attachment":[{"href":"https:\/\/agropartner.marketing-store.hu\/ro\/wp-json\/wp\/v2\/media?parent=27778"}],"wp:term":[{"taxonomy":"product_brand","embeddable":true,"href":"https:\/\/agropartner.marketing-store.hu\/ro\/wp-json\/wp\/v2\/product_brand?post=27778"},{"taxonomy":"product_cat","embeddable":true,"href":"https:\/\/agropartner.marketing-store.hu\/ro\/wp-json\/wp\/v2\/product_cat?post=27778"},{"taxonomy":"product_tag","embeddable":true,"href":"https:\/\/agropartner.marketing-store.hu\/ro\/wp-json\/wp\/v2\/product_tag?post=27778"}],"curies":[{"name":"wp","href":"https:\/\/api.w.org\/{rel}","templated":true}]}}