{"id":27657,"date":"2025-05-14T15:34:30","date_gmt":"2025-05-14T13:34:30","guid":{"rendered":"https:\/\/agropartner.marketing-store.hu\/?post_type=product&#038;p=27657"},"modified":"2025-05-14T15:34:30","modified_gmt":"2025-05-14T13:34:30","slug":"amazone-citan-9000","status":"publish","type":"product","link":"https:\/\/agropartner.marketing-store.hu\/ro\/termek\/amazone-citan-9000\/","title":{"rendered":"Amazone Citan 9000"},"content":{"rendered":"","protected":false},"excerpt":{"rendered":"<p>FIZESSEN AK\u00c1R TERM\u00c9NNYEL, vagy v\u00e1s\u00e1roljon l\u00edzingre 10% + \u00c1fa \u00f6ner\u0151vel! 9m, 5000l-es tart\u00e1ly, Analog+ monitor, m\u0171vel\u0151 \u00fat kapcsol\u00e1s, talajker\u00e9k hajt\u00e1s!<\/p>\n","protected":false},"featured_media":27658,"comment_status":"open","ping_status":"closed","template":"","meta":{"_acf_changed":false},"product_brand":[],"product_cat":[28],"product_tag":[],"class_list":{"0":"post-27657","1":"product","2":"type-product","3":"status-publish","4":"has-post-thumbnail","6":"product_cat-munkagepek","8":"first","9":"instock","10":"shipping-taxable","11":"purchasable","12":"product-type-simple"},"acf":[],"_links":{"self":[{"href":"https:\/\/agropartner.marketing-store.hu\/ro\/wp-json\/wp\/v2\/product\/27657","targetHints":{"allow":["GET"]}}],"collection":[{"href":"https:\/\/agropartner.marketing-store.hu\/ro\/wp-json\/wp\/v2\/product"}],"about":[{"href":"https:\/\/agropartner.marketing-store.hu\/ro\/wp-json\/wp\/v2\/types\/product"}],"replies":[{"embeddable":true,"href":"https:\/\/agropartner.marketing-store.hu\/ro\/wp-json\/wp\/v2\/comments?post=27657"}],"wp:featuredmedia":[{"embeddable":true,"href":"https:\/\/agropartner.marketing-store.hu\/ro\/wp-json\/wp\/v2\/media\/27658"}],"wp:attachment":[{"href":"https:\/\/agropartner.marketing-store.hu\/ro\/wp-json\/wp\/v2\/media?parent=27657"}],"wp:term":[{"taxonomy":"product_brand","embeddable":true,"href":"https:\/\/agropartner.marketing-store.hu\/ro\/wp-json\/wp\/v2\/product_brand?post=27657"},{"taxonomy":"product_cat","embeddable":true,"href":"https:\/\/agropartner.marketing-store.hu\/ro\/wp-json\/wp\/v2\/product_cat?post=27657"},{"taxonomy":"product_tag","embeddable":true,"href":"https:\/\/agropartner.marketing-store.hu\/ro\/wp-json\/wp\/v2\/product_tag?post=27657"}],"curies":[{"name":"wp","href":"https:\/\/api.w.org\/{rel}","templated":true}]}}