{"id":26979,"date":"2025-05-14T14:41:19","date_gmt":"2025-05-14T12:41:19","guid":{"rendered":"https:\/\/agropartner.marketing-store.hu\/?post_type=product&#038;p=26979"},"modified":"2025-05-14T14:41:19","modified_gmt":"2025-05-14T12:41:19","slug":"kverneland-accord-dt","status":"publish","type":"product","link":"https:\/\/agropartner.marketing-store.hu\/ro\/termek\/kverneland-accord-dt\/","title":{"rendered":"Kverneland Accord DT"},"content":{"rendered":"","protected":false},"excerpt":{"rendered":"<p>6 m\u00e9ter munkasz\u00e9less\u00e9g\u0171 pneumatikus gabonavet\u0151g\u00e9p, m\u0171vel\u0151\u00fat kapcsol\u00e1s, sort\u00e1vols\u00e1g: 12,5 cm, 48 db CX vet\u0151t\u00e1rcsa, 10 km\/h \u00fczemi sebess\u00e9g<\/p>\n","protected":false},"featured_media":26980,"comment_status":"open","ping_status":"closed","template":"","meta":{"_acf_changed":false},"product_brand":[],"product_cat":[28],"product_tag":[],"class_list":{"0":"post-26979","1":"product","2":"type-product","3":"status-publish","4":"has-post-thumbnail","6":"product_cat-munkagepek","8":"first","9":"instock","10":"shipping-taxable","11":"purchasable","12":"product-type-simple"},"acf":[],"_links":{"self":[{"href":"https:\/\/agropartner.marketing-store.hu\/ro\/wp-json\/wp\/v2\/product\/26979","targetHints":{"allow":["GET"]}}],"collection":[{"href":"https:\/\/agropartner.marketing-store.hu\/ro\/wp-json\/wp\/v2\/product"}],"about":[{"href":"https:\/\/agropartner.marketing-store.hu\/ro\/wp-json\/wp\/v2\/types\/product"}],"replies":[{"embeddable":true,"href":"https:\/\/agropartner.marketing-store.hu\/ro\/wp-json\/wp\/v2\/comments?post=26979"}],"wp:featuredmedia":[{"embeddable":true,"href":"https:\/\/agropartner.marketing-store.hu\/ro\/wp-json\/wp\/v2\/media\/26980"}],"wp:attachment":[{"href":"https:\/\/agropartner.marketing-store.hu\/ro\/wp-json\/wp\/v2\/media?parent=26979"}],"wp:term":[{"taxonomy":"product_brand","embeddable":true,"href":"https:\/\/agropartner.marketing-store.hu\/ro\/wp-json\/wp\/v2\/product_brand?post=26979"},{"taxonomy":"product_cat","embeddable":true,"href":"https:\/\/agropartner.marketing-store.hu\/ro\/wp-json\/wp\/v2\/product_cat?post=26979"},{"taxonomy":"product_tag","embeddable":true,"href":"https:\/\/agropartner.marketing-store.hu\/ro\/wp-json\/wp\/v2\/product_tag?post=26979"}],"curies":[{"name":"wp","href":"https:\/\/api.w.org\/{rel}","templated":true}]}}