{"id":26746,"date":"2025-05-14T14:10:54","date_gmt":"2025-05-14T12:10:54","guid":{"rendered":"https:\/\/agropartner.marketing-store.hu\/?post_type=product&#038;p=26746"},"modified":"2025-05-14T14:10:54","modified_gmt":"2025-05-14T12:10:54","slug":"bednar-actros-ro-4000r","status":"publish","type":"product","link":"https:\/\/agropartner.marketing-store.hu\/ro\/termek\/bednar-actros-ro-4000r\/","title":{"rendered":"Bednar Actros RO 4000R"},"content":{"rendered":"","protected":false},"excerpt":{"rendered":"<p>3,8 m\u00e9teres munkasz\u00e9less\u00e9g\u0171 kultiv\u00e1tor, 690\u00d76 mm-es t\u00e1rcs\u00e1k, \u201eU\u201d gy\u0171r\u0171s hengersor, min. 200 Le teljes\u00edtm\u00e9ny ig\u00e9ny. \u00daJSZER\u0170 \u00e1llapot!<\/p>\n","protected":false},"featured_media":26747,"comment_status":"open","ping_status":"closed","template":"","meta":{"_acf_changed":false},"product_brand":[],"product_cat":[28],"product_tag":[],"class_list":{"0":"post-26746","1":"product","2":"type-product","3":"status-publish","4":"has-post-thumbnail","6":"product_cat-munkagepek","8":"first","9":"instock","10":"shipping-taxable","11":"purchasable","12":"product-type-simple"},"acf":[],"_links":{"self":[{"href":"https:\/\/agropartner.marketing-store.hu\/ro\/wp-json\/wp\/v2\/product\/26746","targetHints":{"allow":["GET"]}}],"collection":[{"href":"https:\/\/agropartner.marketing-store.hu\/ro\/wp-json\/wp\/v2\/product"}],"about":[{"href":"https:\/\/agropartner.marketing-store.hu\/ro\/wp-json\/wp\/v2\/types\/product"}],"replies":[{"embeddable":true,"href":"https:\/\/agropartner.marketing-store.hu\/ro\/wp-json\/wp\/v2\/comments?post=26746"}],"wp:featuredmedia":[{"embeddable":true,"href":"https:\/\/agropartner.marketing-store.hu\/ro\/wp-json\/wp\/v2\/media\/26747"}],"wp:attachment":[{"href":"https:\/\/agropartner.marketing-store.hu\/ro\/wp-json\/wp\/v2\/media?parent=26746"}],"wp:term":[{"taxonomy":"product_brand","embeddable":true,"href":"https:\/\/agropartner.marketing-store.hu\/ro\/wp-json\/wp\/v2\/product_brand?post=26746"},{"taxonomy":"product_cat","embeddable":true,"href":"https:\/\/agropartner.marketing-store.hu\/ro\/wp-json\/wp\/v2\/product_cat?post=26746"},{"taxonomy":"product_tag","embeddable":true,"href":"https:\/\/agropartner.marketing-store.hu\/ro\/wp-json\/wp\/v2\/product_tag?post=26746"}],"curies":[{"name":"wp","href":"https:\/\/api.w.org\/{rel}","templated":true}]}}