{"id":26625,"date":"2025-05-14T14:04:01","date_gmt":"2025-05-14T12:04:01","guid":{"rendered":"https:\/\/agropartner.marketing-store.hu\/?post_type=product&#038;p=26625"},"modified":"2025-09-05T14:26:23","modified_gmt":"2025-09-05T12:26:23","slug":"kuhn-cultimer-l4000","status":"publish","type":"product","link":"https:\/\/agropartner.marketing-store.hu\/ro\/termek\/kuhn-cultimer-l4000\/","title":{"rendered":"Kuhn Cultimer L4000"},"content":{"rendered":"","protected":false},"excerpt":{"rendered":"<p>V\u00e1s\u00e1roljon l\u00edzingre 10% + \u00c1fa \u00f6ner\u0151vel! Munkasz\u00e9less\u00e9g 4m, minimum l\u00f3er\u0151 ig\u00e9ny: 160le, Kap\u00e1k sz\u00e1ma: 13, Sz\u00e1ll\u00edt\u00f3 kerekek: 520\/50-17 m\u00e9ret\u0171 \u00e9s rug\u00f3zott, Gerendelymagass\u00e1g: (cm) 85<\/p>\n","protected":false},"featured_media":26626,"comment_status":"open","ping_status":"closed","template":"","meta":{"_acf_changed":false},"product_brand":[],"product_cat":[28],"product_tag":[],"class_list":{"0":"post-26625","1":"product","2":"type-product","3":"status-publish","4":"has-post-thumbnail","6":"product_cat-munkagepek","8":"first","9":"instock","10":"shipping-taxable","11":"purchasable","12":"product-type-simple"},"acf":[],"_links":{"self":[{"href":"https:\/\/agropartner.marketing-store.hu\/ro\/wp-json\/wp\/v2\/product\/26625","targetHints":{"allow":["GET"]}}],"collection":[{"href":"https:\/\/agropartner.marketing-store.hu\/ro\/wp-json\/wp\/v2\/product"}],"about":[{"href":"https:\/\/agropartner.marketing-store.hu\/ro\/wp-json\/wp\/v2\/types\/product"}],"replies":[{"embeddable":true,"href":"https:\/\/agropartner.marketing-store.hu\/ro\/wp-json\/wp\/v2\/comments?post=26625"}],"wp:featuredmedia":[{"embeddable":true,"href":"https:\/\/agropartner.marketing-store.hu\/ro\/wp-json\/wp\/v2\/media\/26626"}],"wp:attachment":[{"href":"https:\/\/agropartner.marketing-store.hu\/ro\/wp-json\/wp\/v2\/media?parent=26625"}],"wp:term":[{"taxonomy":"product_brand","embeddable":true,"href":"https:\/\/agropartner.marketing-store.hu\/ro\/wp-json\/wp\/v2\/product_brand?post=26625"},{"taxonomy":"product_cat","embeddable":true,"href":"https:\/\/agropartner.marketing-store.hu\/ro\/wp-json\/wp\/v2\/product_cat?post=26625"},{"taxonomy":"product_tag","embeddable":true,"href":"https:\/\/agropartner.marketing-store.hu\/ro\/wp-json\/wp\/v2\/product_tag?post=26625"}],"curies":[{"name":"wp","href":"https:\/\/api.w.org\/{rel}","templated":true}]}}