{"id":26383,"date":"2025-05-14T13:44:41","date_gmt":"2025-05-14T11:44:41","guid":{"rendered":"https:\/\/agropartner.marketing-store.hu\/?post_type=product&#038;p=26383"},"modified":"2025-05-14T13:44:41","modified_gmt":"2025-05-14T11:44:41","slug":"vaderstad-topdown-400","status":"publish","type":"product","link":"https:\/\/agropartner.marketing-store.hu\/ro\/termek\/vaderstad-topdown-400\/","title":{"rendered":"V\u00e4derstad TopDown 400"},"content":{"rendered":"","protected":false},"excerpt":{"rendered":"<p>4 m\u00e9teres munkasz\u00e9less\u00e9g\u0171 kultiv\u00e1tor, hidraulikus nyit\u00e1s-z\u00e1r\u00e1s, 30 cm munkam\u00e9lys\u00e9g, t\u00f6m\u00f6r\u00edt\u0151 hengersor, 14 db kapatag, 12,5 cm t\u00e1rcsaoszt\u00e1s, munkak\u00e9sz \u00e1llapotban<\/p>\n","protected":false},"featured_media":26384,"comment_status":"open","ping_status":"closed","template":"","meta":{"_acf_changed":false},"product_brand":[],"product_cat":[28],"product_tag":[],"class_list":{"0":"post-26383","1":"product","2":"type-product","3":"status-publish","4":"has-post-thumbnail","6":"product_cat-munkagepek","8":"first","9":"instock","10":"shipping-taxable","11":"purchasable","12":"product-type-simple"},"acf":[],"_links":{"self":[{"href":"https:\/\/agropartner.marketing-store.hu\/ro\/wp-json\/wp\/v2\/product\/26383","targetHints":{"allow":["GET"]}}],"collection":[{"href":"https:\/\/agropartner.marketing-store.hu\/ro\/wp-json\/wp\/v2\/product"}],"about":[{"href":"https:\/\/agropartner.marketing-store.hu\/ro\/wp-json\/wp\/v2\/types\/product"}],"replies":[{"embeddable":true,"href":"https:\/\/agropartner.marketing-store.hu\/ro\/wp-json\/wp\/v2\/comments?post=26383"}],"wp:featuredmedia":[{"embeddable":true,"href":"https:\/\/agropartner.marketing-store.hu\/ro\/wp-json\/wp\/v2\/media\/26384"}],"wp:attachment":[{"href":"https:\/\/agropartner.marketing-store.hu\/ro\/wp-json\/wp\/v2\/media?parent=26383"}],"wp:term":[{"taxonomy":"product_brand","embeddable":true,"href":"https:\/\/agropartner.marketing-store.hu\/ro\/wp-json\/wp\/v2\/product_brand?post=26383"},{"taxonomy":"product_cat","embeddable":true,"href":"https:\/\/agropartner.marketing-store.hu\/ro\/wp-json\/wp\/v2\/product_cat?post=26383"},{"taxonomy":"product_tag","embeddable":true,"href":"https:\/\/agropartner.marketing-store.hu\/ro\/wp-json\/wp\/v2\/product_tag?post=26383"}],"curies":[{"name":"wp","href":"https:\/\/api.w.org\/{rel}","templated":true}]}}