{"id":26262,"date":"2025-05-14T13:25:20","date_gmt":"2025-05-14T11:25:20","guid":{"rendered":"https:\/\/agropartner.marketing-store.hu\/?post_type=product&#038;p=26262"},"modified":"2025-05-14T13:25:21","modified_gmt":"2025-05-14T11:25:21","slug":"vaderstad-carrier-650","status":"publish","type":"product","link":"https:\/\/agropartner.marketing-store.hu\/ro\/termek\/vaderstad-carrier-650\/","title":{"rendered":"V\u00e4derstad Carrier 650"},"content":{"rendered":"","protected":false},"excerpt":{"rendered":"<p>Pr\u00e9mium r\u00f6vidt\u00e1rcsa els\u0151 tulajdonost\u00f3l, jav\u00edt\u00e1smentes v\u00e1zzal, gy\u00e1ri kop\u00f3alkatr\u00e9szekkel, hidraulikusan \u00e1ll\u00edthat\u00f3 munkam\u00e9lys\u00e9g<\/p>\n","protected":false},"featured_media":26263,"comment_status":"open","ping_status":"closed","template":"","meta":{"_acf_changed":false},"product_brand":[],"product_cat":[28],"product_tag":[],"class_list":{"0":"post-26262","1":"product","2":"type-product","3":"status-publish","4":"has-post-thumbnail","6":"product_cat-munkagepek","8":"first","9":"instock","10":"shipping-taxable","11":"purchasable","12":"product-type-simple"},"acf":[],"_links":{"self":[{"href":"https:\/\/agropartner.marketing-store.hu\/ro\/wp-json\/wp\/v2\/product\/26262","targetHints":{"allow":["GET"]}}],"collection":[{"href":"https:\/\/agropartner.marketing-store.hu\/ro\/wp-json\/wp\/v2\/product"}],"about":[{"href":"https:\/\/agropartner.marketing-store.hu\/ro\/wp-json\/wp\/v2\/types\/product"}],"replies":[{"embeddable":true,"href":"https:\/\/agropartner.marketing-store.hu\/ro\/wp-json\/wp\/v2\/comments?post=26262"}],"wp:featuredmedia":[{"embeddable":true,"href":"https:\/\/agropartner.marketing-store.hu\/ro\/wp-json\/wp\/v2\/media\/26263"}],"wp:attachment":[{"href":"https:\/\/agropartner.marketing-store.hu\/ro\/wp-json\/wp\/v2\/media?parent=26262"}],"wp:term":[{"taxonomy":"product_brand","embeddable":true,"href":"https:\/\/agropartner.marketing-store.hu\/ro\/wp-json\/wp\/v2\/product_brand?post=26262"},{"taxonomy":"product_cat","embeddable":true,"href":"https:\/\/agropartner.marketing-store.hu\/ro\/wp-json\/wp\/v2\/product_cat?post=26262"},{"taxonomy":"product_tag","embeddable":true,"href":"https:\/\/agropartner.marketing-store.hu\/ro\/wp-json\/wp\/v2\/product_tag?post=26262"}],"curies":[{"name":"wp","href":"https:\/\/api.w.org\/{rel}","templated":true}]}}