{"id":25920,"date":"2025-05-14T12:59:33","date_gmt":"2025-05-14T10:59:33","guid":{"rendered":"https:\/\/agropartner.marketing-store.hu\/?post_type=product&#038;p=25920"},"modified":"2025-07-04T09:05:24","modified_gmt":"2025-07-04T07:05:24","slug":"horsch-finer-7-sl","status":"publish","type":"product","link":"https:\/\/agropartner.marketing-store.hu\/ro\/termek\/horsch-finer-7-sl\/","title":{"rendered":"Horsch Finer 7 SL"},"content":{"rendered":"","protected":false},"excerpt":{"rendered":"<p>7 m\u00e9teres munkasz\u00e9less\u00e9g\u0171 kultiv\u00e1tor, hidraulikus nyit\u00e1s-z\u00e1r\u00e1s, 15 cm h\u00faz\u00e1st\u00e1vols\u00e1g, 45 db l\u00e1ndzsa + 45 db l\u00fadtalp kapa, minimum 180 LE teljes\u00edtm\u00e9ny ig\u00e9ny!<\/p>\n","protected":false},"featured_media":25921,"comment_status":"open","ping_status":"closed","template":"","meta":{"_acf_changed":false},"product_brand":[],"product_cat":[28],"product_tag":[],"class_list":{"0":"post-25920","1":"product","2":"type-product","3":"status-publish","4":"has-post-thumbnail","6":"product_cat-munkagepek","8":"first","9":"instock","10":"shipping-taxable","11":"purchasable","12":"product-type-simple"},"acf":[],"_links":{"self":[{"href":"https:\/\/agropartner.marketing-store.hu\/ro\/wp-json\/wp\/v2\/product\/25920","targetHints":{"allow":["GET"]}}],"collection":[{"href":"https:\/\/agropartner.marketing-store.hu\/ro\/wp-json\/wp\/v2\/product"}],"about":[{"href":"https:\/\/agropartner.marketing-store.hu\/ro\/wp-json\/wp\/v2\/types\/product"}],"replies":[{"embeddable":true,"href":"https:\/\/agropartner.marketing-store.hu\/ro\/wp-json\/wp\/v2\/comments?post=25920"}],"wp:featuredmedia":[{"embeddable":true,"href":"https:\/\/agropartner.marketing-store.hu\/ro\/wp-json\/wp\/v2\/media\/25921"}],"wp:attachment":[{"href":"https:\/\/agropartner.marketing-store.hu\/ro\/wp-json\/wp\/v2\/media?parent=25920"}],"wp:term":[{"taxonomy":"product_brand","embeddable":true,"href":"https:\/\/agropartner.marketing-store.hu\/ro\/wp-json\/wp\/v2\/product_brand?post=25920"},{"taxonomy":"product_cat","embeddable":true,"href":"https:\/\/agropartner.marketing-store.hu\/ro\/wp-json\/wp\/v2\/product_cat?post=25920"},{"taxonomy":"product_tag","embeddable":true,"href":"https:\/\/agropartner.marketing-store.hu\/ro\/wp-json\/wp\/v2\/product_tag?post=25920"}],"curies":[{"name":"wp","href":"https:\/\/api.w.org\/{rel}","templated":true}]}}