{"id":25741,"date":"2025-05-14T12:44:50","date_gmt":"2025-05-14T10:44:50","guid":{"rendered":"https:\/\/agropartner.marketing-store.hu\/?post_type=product&#038;p=25741"},"modified":"2025-05-14T12:44:50","modified_gmt":"2025-05-14T10:44:50","slug":"lemken-smaragd-9-400-szarnyaskeses-grubber","status":"publish","type":"product","link":"https:\/\/agropartner.marketing-store.hu\/ro\/termek\/lemken-smaragd-9-400-szarnyaskeses-grubber\/","title":{"rendered":"Lemken Smaragd 9\/400 sz\u00e1rnyask\u00e9ses grubber"},"content":{"rendered":"","protected":false},"excerpt":{"rendered":"<p>4 m\u00e9ter munkasz\u00e9less\u00e9g, 9 db sz\u00e1rnyas k\u00e9ses kapa, 4 db t\u00e1rcsap\u00e1r, dupla cs\u0151p\u00e1lc\u00e1s hengersor, 80 cm gerendelymagass\u00e1g, 180 Le teljes\u00edtm\u00e9nyig\u00e9ny<\/p>\n","protected":false},"featured_media":25742,"comment_status":"open","ping_status":"closed","template":"","meta":{"_acf_changed":false},"product_brand":[],"product_cat":[28],"product_tag":[],"class_list":{"0":"post-25741","1":"product","2":"type-product","3":"status-publish","4":"has-post-thumbnail","6":"product_cat-munkagepek","8":"first","9":"instock","10":"shipping-taxable","11":"purchasable","12":"product-type-simple"},"acf":[],"_links":{"self":[{"href":"https:\/\/agropartner.marketing-store.hu\/ro\/wp-json\/wp\/v2\/product\/25741","targetHints":{"allow":["GET"]}}],"collection":[{"href":"https:\/\/agropartner.marketing-store.hu\/ro\/wp-json\/wp\/v2\/product"}],"about":[{"href":"https:\/\/agropartner.marketing-store.hu\/ro\/wp-json\/wp\/v2\/types\/product"}],"replies":[{"embeddable":true,"href":"https:\/\/agropartner.marketing-store.hu\/ro\/wp-json\/wp\/v2\/comments?post=25741"}],"wp:featuredmedia":[{"embeddable":true,"href":"https:\/\/agropartner.marketing-store.hu\/ro\/wp-json\/wp\/v2\/media\/25742"}],"wp:attachment":[{"href":"https:\/\/agropartner.marketing-store.hu\/ro\/wp-json\/wp\/v2\/media?parent=25741"}],"wp:term":[{"taxonomy":"product_brand","embeddable":true,"href":"https:\/\/agropartner.marketing-store.hu\/ro\/wp-json\/wp\/v2\/product_brand?post=25741"},{"taxonomy":"product_cat","embeddable":true,"href":"https:\/\/agropartner.marketing-store.hu\/ro\/wp-json\/wp\/v2\/product_cat?post=25741"},{"taxonomy":"product_tag","embeddable":true,"href":"https:\/\/agropartner.marketing-store.hu\/ro\/wp-json\/wp\/v2\/product_tag?post=25741"}],"curies":[{"name":"wp","href":"https:\/\/api.w.org\/{rel}","templated":true}]}}