{"id":25628,"date":"2025-05-13T13:59:42","date_gmt":"2025-05-13T11:59:42","guid":{"rendered":"https:\/\/agropartner.marketing-store.hu\/?post_type=product&#038;p=25628"},"modified":"2025-05-13T13:59:42","modified_gmt":"2025-05-13T11:59:42","slug":"quivogne-diskator-610","status":"publish","type":"product","link":"https:\/\/agropartner.marketing-store.hu\/ro\/termek\/quivogne-diskator-610\/","title":{"rendered":"Quivogne Diskator 610"},"content":{"rendered":"","protected":false},"excerpt":{"rendered":"<p>5 m\u00e9ter munkasz\u00e9less\u00e9g, 38 db 610 mm \u00e1tm\u00e9r\u0151j\u0171 6 mm vastags\u00e1g\u00fa t\u00e1rcsalappal, hidr.nyit\u00e1s-z\u00e1r\u00e1s, \u00e9kgy\u0171r\u0171s lez\u00e1r\u00f3 hengersor, 2018-as gy\u00e1rt\u00e1s<\/p>\n","protected":false},"featured_media":25629,"comment_status":"open","ping_status":"closed","template":"","meta":{"_acf_changed":false},"product_brand":[],"product_cat":[28],"product_tag":[],"class_list":{"0":"post-25628","1":"product","2":"type-product","3":"status-publish","4":"has-post-thumbnail","6":"product_cat-munkagepek","8":"first","9":"instock","10":"shipping-taxable","11":"purchasable","12":"product-type-simple"},"acf":[],"_links":{"self":[{"href":"https:\/\/agropartner.marketing-store.hu\/ro\/wp-json\/wp\/v2\/product\/25628","targetHints":{"allow":["GET"]}}],"collection":[{"href":"https:\/\/agropartner.marketing-store.hu\/ro\/wp-json\/wp\/v2\/product"}],"about":[{"href":"https:\/\/agropartner.marketing-store.hu\/ro\/wp-json\/wp\/v2\/types\/product"}],"replies":[{"embeddable":true,"href":"https:\/\/agropartner.marketing-store.hu\/ro\/wp-json\/wp\/v2\/comments?post=25628"}],"wp:featuredmedia":[{"embeddable":true,"href":"https:\/\/agropartner.marketing-store.hu\/ro\/wp-json\/wp\/v2\/media\/25629"}],"wp:attachment":[{"href":"https:\/\/agropartner.marketing-store.hu\/ro\/wp-json\/wp\/v2\/media?parent=25628"}],"wp:term":[{"taxonomy":"product_brand","embeddable":true,"href":"https:\/\/agropartner.marketing-store.hu\/ro\/wp-json\/wp\/v2\/product_brand?post=25628"},{"taxonomy":"product_cat","embeddable":true,"href":"https:\/\/agropartner.marketing-store.hu\/ro\/wp-json\/wp\/v2\/product_cat?post=25628"},{"taxonomy":"product_tag","embeddable":true,"href":"https:\/\/agropartner.marketing-store.hu\/ro\/wp-json\/wp\/v2\/product_tag?post=25628"}],"curies":[{"name":"wp","href":"https:\/\/api.w.org\/{rel}","templated":true}]}}