{"id":25507,"date":"2025-05-13T11:45:49","date_gmt":"2025-05-13T09:45:49","guid":{"rendered":"https:\/\/agropartner.marketing-store.hu\/?post_type=product&#038;p=25507"},"modified":"2025-05-13T11:45:50","modified_gmt":"2025-05-13T09:45:50","slug":"satex-vario-germinator-60-cc","status":"publish","type":"product","link":"https:\/\/agropartner.marketing-store.hu\/ro\/termek\/satex-vario-germinator-60-cc\/","title":{"rendered":"Satex Vario Germinator 6,0 CC"},"content":{"rendered":"","protected":false},"excerpt":{"rendered":"<p>6,0 m\u00e9ter munkasz\u00e9less\u00e9g, hidraulikus nyit\u00e1s-z\u00e1r\u00e1s, rug\u00f3s kapasor, Crosskill hengerek, vontatott, \u00daJSZER\u0170 \u00e1llapot!<\/p>\n","protected":false},"featured_media":25511,"comment_status":"open","ping_status":"closed","template":"","meta":{"_acf_changed":false},"product_brand":[],"product_cat":[28],"product_tag":[],"class_list":{"0":"post-25507","1":"product","2":"type-product","3":"status-publish","4":"has-post-thumbnail","6":"product_cat-munkagepek","8":"first","9":"instock","10":"shipping-taxable","11":"purchasable","12":"product-type-simple"},"acf":[],"_links":{"self":[{"href":"https:\/\/agropartner.marketing-store.hu\/ro\/wp-json\/wp\/v2\/product\/25507","targetHints":{"allow":["GET"]}}],"collection":[{"href":"https:\/\/agropartner.marketing-store.hu\/ro\/wp-json\/wp\/v2\/product"}],"about":[{"href":"https:\/\/agropartner.marketing-store.hu\/ro\/wp-json\/wp\/v2\/types\/product"}],"replies":[{"embeddable":true,"href":"https:\/\/agropartner.marketing-store.hu\/ro\/wp-json\/wp\/v2\/comments?post=25507"}],"wp:featuredmedia":[{"embeddable":true,"href":"https:\/\/agropartner.marketing-store.hu\/ro\/wp-json\/wp\/v2\/media\/25511"}],"wp:attachment":[{"href":"https:\/\/agropartner.marketing-store.hu\/ro\/wp-json\/wp\/v2\/media?parent=25507"}],"wp:term":[{"taxonomy":"product_brand","embeddable":true,"href":"https:\/\/agropartner.marketing-store.hu\/ro\/wp-json\/wp\/v2\/product_brand?post=25507"},{"taxonomy":"product_cat","embeddable":true,"href":"https:\/\/agropartner.marketing-store.hu\/ro\/wp-json\/wp\/v2\/product_cat?post=25507"},{"taxonomy":"product_tag","embeddable":true,"href":"https:\/\/agropartner.marketing-store.hu\/ro\/wp-json\/wp\/v2\/product_tag?post=25507"}],"curies":[{"name":"wp","href":"https:\/\/api.w.org\/{rel}","templated":true}]}}