{"id":25386,"date":"2025-05-13T11:38:48","date_gmt":"2025-05-13T09:38:48","guid":{"rendered":"https:\/\/agropartner.marketing-store.hu\/?post_type=product&#038;p=25386"},"modified":"2025-05-13T11:38:48","modified_gmt":"2025-05-13T09:38:48","slug":"vkk-66h-kombinator","status":"publish","type":"product","link":"https:\/\/agropartner.marketing-store.hu\/ro\/termek\/vkk-66h-kombinator\/","title":{"rendered":"VKK 6,6H kombin\u00e1tor"},"content":{"rendered":"","protected":false},"excerpt":{"rendered":"<p>6,6 m\u00e9teres f\u00fcggesztett kombin\u00e1tor, dupla h\u00e1ts\u00f3 rug\u00f3zott r\u00f6gt\u00f6r\u0151 hengersor, hidraulikus nyit\u00e1s-z\u00e1r\u00e1s, rug\u00f3s kap\u00e1k, munkak\u00e9sz \u00e1llapotban!<\/p>\n","protected":false},"featured_media":25387,"comment_status":"open","ping_status":"closed","template":"","meta":{"_acf_changed":false},"product_brand":[],"product_cat":[28],"product_tag":[],"class_list":{"0":"post-25386","1":"product","2":"type-product","3":"status-publish","4":"has-post-thumbnail","6":"product_cat-munkagepek","8":"first","9":"instock","10":"shipping-taxable","11":"purchasable","12":"product-type-simple"},"acf":[],"_links":{"self":[{"href":"https:\/\/agropartner.marketing-store.hu\/ro\/wp-json\/wp\/v2\/product\/25386","targetHints":{"allow":["GET"]}}],"collection":[{"href":"https:\/\/agropartner.marketing-store.hu\/ro\/wp-json\/wp\/v2\/product"}],"about":[{"href":"https:\/\/agropartner.marketing-store.hu\/ro\/wp-json\/wp\/v2\/types\/product"}],"replies":[{"embeddable":true,"href":"https:\/\/agropartner.marketing-store.hu\/ro\/wp-json\/wp\/v2\/comments?post=25386"}],"wp:featuredmedia":[{"embeddable":true,"href":"https:\/\/agropartner.marketing-store.hu\/ro\/wp-json\/wp\/v2\/media\/25387"}],"wp:attachment":[{"href":"https:\/\/agropartner.marketing-store.hu\/ro\/wp-json\/wp\/v2\/media?parent=25386"}],"wp:term":[{"taxonomy":"product_brand","embeddable":true,"href":"https:\/\/agropartner.marketing-store.hu\/ro\/wp-json\/wp\/v2\/product_brand?post=25386"},{"taxonomy":"product_cat","embeddable":true,"href":"https:\/\/agropartner.marketing-store.hu\/ro\/wp-json\/wp\/v2\/product_cat?post=25386"},{"taxonomy":"product_tag","embeddable":true,"href":"https:\/\/agropartner.marketing-store.hu\/ro\/wp-json\/wp\/v2\/product_tag?post=25386"}],"curies":[{"name":"wp","href":"https:\/\/api.w.org\/{rel}","templated":true}]}}