{"id":25046,"date":"2025-05-13T11:18:38","date_gmt":"2025-05-13T09:18:38","guid":{"rendered":"https:\/\/agropartner.marketing-store.hu\/?post_type=product&#038;p=25046"},"modified":"2025-08-14T11:58:21","modified_gmt":"2025-08-14T09:58:21","slug":"busa-fkm-52-forgokapas-magagykeszito","status":"publish","type":"product","link":"https:\/\/agropartner.marketing-store.hu\/ro\/termek\/busa-fkm-52-forgokapas-magagykeszito\/","title":{"rendered":"Busa FKM &#8211; 5,2 forg\u00f3kap\u00e1s mag\u00e1gyk\u00e9sz\u00edt\u0151"},"content":{"rendered":"","protected":false},"excerpt":{"rendered":"<p>5,2 m\u00e9ter munkasz\u00e9less\u00e9g, forg\u00f3kap\u00e1s mag\u00e1gyk\u00e9sz\u00edt\u0151, hidraulikusan felfel\u00e9 csukhat\u00f3<\/p>\n","protected":false},"featured_media":25047,"comment_status":"open","ping_status":"closed","template":"","meta":{"_acf_changed":false},"product_brand":[],"product_cat":[28],"product_tag":[],"class_list":{"0":"post-25046","1":"product","2":"type-product","3":"status-publish","4":"has-post-thumbnail","6":"product_cat-munkagepek","8":"first","9":"instock","10":"shipping-taxable","11":"purchasable","12":"product-type-simple"},"acf":[],"_links":{"self":[{"href":"https:\/\/agropartner.marketing-store.hu\/ro\/wp-json\/wp\/v2\/product\/25046","targetHints":{"allow":["GET"]}}],"collection":[{"href":"https:\/\/agropartner.marketing-store.hu\/ro\/wp-json\/wp\/v2\/product"}],"about":[{"href":"https:\/\/agropartner.marketing-store.hu\/ro\/wp-json\/wp\/v2\/types\/product"}],"replies":[{"embeddable":true,"href":"https:\/\/agropartner.marketing-store.hu\/ro\/wp-json\/wp\/v2\/comments?post=25046"}],"wp:featuredmedia":[{"embeddable":true,"href":"https:\/\/agropartner.marketing-store.hu\/ro\/wp-json\/wp\/v2\/media\/25047"}],"wp:attachment":[{"href":"https:\/\/agropartner.marketing-store.hu\/ro\/wp-json\/wp\/v2\/media?parent=25046"}],"wp:term":[{"taxonomy":"product_brand","embeddable":true,"href":"https:\/\/agropartner.marketing-store.hu\/ro\/wp-json\/wp\/v2\/product_brand?post=25046"},{"taxonomy":"product_cat","embeddable":true,"href":"https:\/\/agropartner.marketing-store.hu\/ro\/wp-json\/wp\/v2\/product_cat?post=25046"},{"taxonomy":"product_tag","embeddable":true,"href":"https:\/\/agropartner.marketing-store.hu\/ro\/wp-json\/wp\/v2\/product_tag?post=25046"}],"curies":[{"name":"wp","href":"https:\/\/api.w.org\/{rel}","templated":true}]}}